{"id":871,"date":"2018-01-12T12:24:59","date_gmt":"2018-01-12T12:24:59","guid":{"rendered":"https:\/\/christophetalmont.com\/?page_id=871"},"modified":"2024-07-15T01:41:52","modified_gmt":"2024-07-15T01:41:52","slug":"work","status":"publish","type":"page","link":"https:\/\/christophetalmont.com\/fr\/work\/","title":{"rendered":"Work"},"content":{"rendered":"<section class=\"wpb-content-wrapper\"><p>[vc_row css_animation=&#8221;&#8221; row_type=&#8221;row&#8221; use_row_as_full_screen_section=&#8221;no&#8221; type=&#8221;grid&#8221; angled_section=&#8221;no&#8221; text_align=&#8221;left&#8221; background_image_as_pattern=&#8221;without_pattern&#8221; bg_type=&#8221;image&#8221; parallax_style=&#8221;vcpb-default&#8221; bg_image_new=&#8221;id^227|url^http:\/\/christophetalmont.com\/wp01\/wp-content\/uploads\/2023\/02\/blog-4.jpg|caption^null|alt^null|title^blog 4|description^null&#8221; bg_image_repeat=&#8221;no-repeat&#8221; bg_img_attach=&#8221;fixed&#8221; bg_image_posiiton=&#8221;0 0&#8243; bg_override=&#8221;full&#8221; css=&#8221;.vc_custom_1676732702441{padding-bottom: 18px !important;background-position: center !important;background-repeat: no-repeat !important;background-size: cover !important;}&#8221; z_index=&#8221;&#8221;][vc_column][qode_elements_holder number_of_columns=&#8221;one_column&#8221;][qode_elements_holder_item advanced_animations=&#8221;no&#8221; item_padding=&#8221;195px 0px 140px&#8221;][vc_column_text]<\/p>\n<h1 style=\"text-align: center;\">Mes derni\u00e8res publications<\/h1>\n<p>[\/vc_column_text][\/qode_elements_holder_item][\/qode_elements_holder]<div class='q_masonry_blog'><div class=\"q_masonry_blog_grid_sizer\"><\/div><div class=\"q_masonry_blog_grid_gutter\"><\/div><article  class='post-1402 post type-post status-publish format-standard has-post-thumbnail hentry category-article tag-aeroport-international-simon-bolivar tag-alliance-francaise tag-ambassade-de-france tag-amerique-du-sud tag-c4trio-fr tag-dudamel-fr tag-el-sistema-fr tag-instrument-de-musique-le-cuatro tag-merida-fr tag-orchestre-national-de-lyon tag-tequenos-fr '><div class=\"q_masonry_blog_post_image\"><a itemprop=\"url\" href=\"https:\/\/christophetalmont.com\/fr\/mis-primeros-pasos-en-venezuela-noviembre-del-2010\/\" target=\"_self\"><img decoding=\"async\" itemprop=\"image\" src=\"https:\/\/christophetalmont.com\/wp01\/wp-content\/uploads\/2024\/08\/2331644875_76954d79ef_o.jpg\" \/><\/a><\/div><div class=\"q_masonry_blog_post_text\"><h6 itemprop=\"name\" class=\"q_masonry_blog_title entry_title\"><a itemprop=\"url\" href=\"https:\/\/christophetalmont.com\/fr\/mis-primeros-pasos-en-venezuela-noviembre-del-2010\/\">Mes premiers pas au Venezuela, novembre 2010<\/a><\/h6><p itemprop=\"description\" class=\"q_masonry_blog_excerpt\">[vc_row css_animation=&#8221;&#8221; row_type=&#8221;row&#8221; use_row_as_full_screen_section=&#8221;no&#8221; type=&#8221;full_width&#8221; angled_section=&#8221;no&#8221; text_align=&#8221;left&#8221; background_image_as_pattern=&#8221;without_pattern&#8221; bg_type=&#8221;bg_color&#8221; z_index=&#8221;&#8221; bg_color_value=&#8221;rgba(255,255,255,0.95)&#8221; css=&#8221;.vc_custom_1679171540840{padding-right: 5% !important;padding-left: 5% !important;}&#8221;][vc_column][vc_empty_space height=&#8221;50&#8243;][vc_column_text] Mes premiers pas au Venezuela, novembre 2010 [\/vc_column_text][vc_empty_space height=&#8221;30&#8243;][vc_column_text] Tout a commenc\u00e9 par un coup de t\u00e9l\u00e9phone et un cri du c\u0153ur. Un beau matin de 2010, mon......<\/p><div class=\"q_masonry_blog_post_info\"><\/div><\/div><\/article><article  class='post-963 post type-post status-publish format-standard has-post-thumbnail hentry category-article tag-carlos-guastavino-fr tag-eveil-de-la-conscience tag-scnur-fr tag-venezuela tag-venezueliens '><div class=\"q_masonry_blog_post_image\"><a itemprop=\"url\" href=\"https:\/\/christophetalmont.com\/fr\/despertar-de-la-conciencia\/\" target=\"_self\"><img decoding=\"async\" itemprop=\"image\" src=\"https:\/\/christophetalmont.com\/wp01\/wp-content\/uploads\/2023\/04\/imagen-5-ernest-1er-post-blog.png\" \/><\/a><\/div><div class=\"q_masonry_blog_post_text\"><h6 itemprop=\"name\" class=\"q_masonry_blog_title entry_title\"><a itemprop=\"url\" href=\"https:\/\/christophetalmont.com\/fr\/despertar-de-la-conciencia\/\">Eveil de la Conscience<\/a><\/h6><p itemprop=\"description\" class=\"q_masonry_blog_excerpt\">[vc_row css_animation=&#8221;&#8221; row_type=&#8221;row&#8221; use_row_as_full_screen_section=&#8221;no&#8221; type=&#8221;full_width&#8221; angled_section=&#8221;no&#8221; text_align=&#8221;left&#8221; background_image_as_pattern=&#8221;without_pattern&#8221; bg_type=&#8221;bg_color&#8221; z_index=&#8221;&#8221; bg_color_value=&#8221;rgba(255,255,255,0.95)&#8221; css=&#8221;.vc_custom_1679171540840{padding-right: 5% !important;padding-left: 5% !important;}&#8221;][vc_column][vc_empty_space height=&#8221;50&#8243;][vc_column_text] Eveil de la Conscience [\/vc_column_text][vc_empty_space height=&#8221;30&#8243;][vc_column_text] C\u00e9l\u00e9brer la cr\u00e9ation de ma page Web et d\u2019un blog qui se veut cr\u00e9atif et libre d\u2019expression est un moment de grande......<\/p><div class=\"q_masonry_blog_post_info\"><\/div><\/div><\/article><\/div>[vc_empty_space height=&#8221;100&#8243;][vc_column_text]<\/p>\n<h6><span style=\"color: #ffffff;\"><span style=\"font-size: 10px;\">Imagen de fondo Ernest Puerta, todos los derechos le corresponden.<\/span><\/span><\/h6>\n<p>[\/vc_column_text][\/vc_column][\/vc_row]<\/p>\n<\/section>","protected":false},"excerpt":{"rendered":"<p>[vc_row css_animation=&#8221;&#8221; row_type=&#8221;row&#8221; use_row_as_full_screen_section=&#8221;no&#8221; type=&#8221;grid&#8221; angled_section=&#8221;no&#8221; text_align=&#8221;left&#8221; background_image_as_pattern=&#8221;without_pattern&#8221; bg_type=&#8221;image&#8221; parallax_style=&#8221;vcpb-default&#8221; bg_image_new=&#8221;id^227|url^http:\/\/christophetalmont.com\/wp01\/wp-content\/uploads\/2023\/02\/blog-4.jpg|caption^null|alt^null|title^blog 4|description^null&#8221; bg_image_repeat=&#8221;no-repeat&#8221; bg_img_attach=&#8221;fixed&#8221; bg_image_posiiton=&#8221;0 0&#8243; bg_override=&#8221;full&#8221; css=&#8221;.vc_custom_1676732702441{padding-bottom: 18px !important;background-position: center !important;background-repeat: no-repeat !important;background-size: cover !important;}&#8221; z_index=&#8221;&#8221;][vc_column][qode_elements_holder number_of_columns=&#8221;one_column&#8221;][qode_elements_holder_item advanced_animations=&#8221;no&#8221; item_padding=&#8221;195px 0px 140px&#8221;][vc_column_text] Mes derni\u00e8res publications [\/vc_column_text][\/qode_elements_holder_item][\/qode_elements_holder][vc_empty_space height=&#8221;100&#8243;][vc_column_text] Imagen de fondo Ernest Puerta, todos los derechos&#8230;<\/p>\n","protected":false},"author":1,"featured_media":0,"parent":0,"menu_order":0,"comment_status":"closed","ping_status":"closed","template":"full_width.php","meta":{"footnotes":""},"class_list":["post-871","page","type-page","status-publish","hentry"],"_links":{"self":[{"href":"https:\/\/christophetalmont.com\/fr\/wp-json\/wp\/v2\/pages\/871"}],"collection":[{"href":"https:\/\/christophetalmont.com\/fr\/wp-json\/wp\/v2\/pages"}],"about":[{"href":"https:\/\/christophetalmont.com\/fr\/wp-json\/wp\/v2\/types\/page"}],"author":[{"embeddable":true,"href":"https:\/\/christophetalmont.com\/fr\/wp-json\/wp\/v2\/users\/1"}],"replies":[{"embeddable":true,"href":"https:\/\/christophetalmont.com\/fr\/wp-json\/wp\/v2\/comments?post=871"}],"version-history":[{"count":5,"href":"https:\/\/christophetalmont.com\/fr\/wp-json\/wp\/v2\/pages\/871\/revisions"}],"predecessor-version":[{"id":1319,"href":"https:\/\/christophetalmont.com\/fr\/wp-json\/wp\/v2\/pages\/871\/revisions\/1319"}],"wp:attachment":[{"href":"https:\/\/christophetalmont.com\/fr\/wp-json\/wp\/v2\/media?parent=871"}],"curies":[{"name":"wp","href":"https:\/\/api.w.org\/{rel}","templated":true}]}}