{"id":855,"date":"2018-01-12T09:12:58","date_gmt":"2018-01-12T09:12:58","guid":{"rendered":"https:\/\/christophetalmont.com\/?page_id=855"},"modified":"2025-06-20T18:04:57","modified_gmt":"2025-06-20T18:04:57","slug":"home","status":"publish","type":"page","link":"https:\/\/christophetalmont.com\/fr\/","title":{"rendered":"Home"},"content":{"rendered":"<section class=\"wpb-content-wrapper\"><p>[vc_row css_animation=&#8221;&#8221; row_type=&#8221;row&#8221; use_row_as_full_screen_section=&#8221;no&#8221; type=&#8221;full_width&#8221; angled_section=&#8221;no&#8221; text_align=&#8221;left&#8221; background_image_as_pattern=&#8221;without_pattern&#8221; z_index=&#8221;&#8221;][vc_column][rev_slider_vc alias=&#8221;home-11&#8243;][\/vc_column][\/vc_row][vc_row css_animation=&#8221;&#8221; row_type=&#8221;row&#8221; use_row_as_full_screen_section=&#8221;no&#8221; type=&#8221;grid&#8221; angled_section=&#8221;no&#8221; text_align=&#8221;left&#8221; background_image_as_pattern=&#8221;without_pattern&#8221; bg_type=&#8221;image&#8221; parallax_style=&#8221;vcpb-default&#8221; bg_image_new=&#8221;id^101|url^http:\/\/christophetalmont.com\/wp01\/wp-content\/uploads\/2022\/12\/fondo01.jpg|caption^null|alt^null|title^fondo01|description^null&#8221; bg_image_repeat=&#8221;no-repeat&#8221; css=&#8221;.vc_custom_1677106754381{padding-top: 80px !important;}&#8221; z_index=&#8221;&#8221;][vc_column offset=&#8221;vc_col-md-5&#8243;][vc_single_image image=&#8221;301&#8243; img_size=&#8221;1000&#8243; qode_css_animation=&#8221;&#8221; css=&#8221;.vc_custom_1677784865262{border-top-width: 2px !important;border-left-width: 2px !important;padding-top: 20px !important;padding-left: 20px !important;border-left-color: #bd9a80 !important;border-left-style: solid !important;border-top-color: #bd9a80 !important;border-top-style: solid !important;}&#8221;][\/vc_column][vc_column offset=&#8221;vc_col-md-1&#8243;][vc_separator type=&#8221;normal&#8221; color=&#8221;#ffffff&#8221; thickness=&#8221;2&#8243;][\/vc_column][vc_column offset=&#8221;vc_col-md-6&#8243;][qode_elements_holder number_of_columns=&#8221;one_column&#8221;][qode_elements_holder_item advanced_animations=&#8221;no&#8221; item_padding=&#8221;0px 0px 117px&#8221; item_padding_600_768=&#8221;40px 0px 0px&#8221; item_padding_480_600=&#8221;40px 0px 0px&#8221; item_padding_480=&#8221;40px 0px 0px&#8221;]<div id=\"ultimate-heading-294369e4ac66d3fdb\" class=\"uvc-heading ult-adjust-bottom-margin ultimate-heading-294369e4ac66d3fdb uvc-186 \" data-hspacer=\"no_spacer\"  data-halign=\"left\" style=\"text-align:left\"><div class=\"uvc-heading-spacer no_spacer\" style=\"top\"><\/div><div class=\"uvc-main-heading ult-responsive\"  data-ultimate-target='.uvc-heading.ultimate-heading-294369e4ac66d3fdb h2'  data-responsive-json-new='{\"font-size\":\"desktop:40px;\",\"line-height\":\"\"}' ><h2 style=\"font-family:&#039;Montserrat&#039;;font-weight:300;color:#bd9a80;\">BIENVENUE SUR MON SITE WEB!<\/h2><\/div><\/div>[vc_empty_space height=&#8221;29px&#8221;][vc_column_text]Vous y trouverez toutes les informations sur mon parcours, mon actualit\u00e9, avec de nombreuses vid\u00e9os et un blog qui j\u2019esp\u00e8re sera attractif.<\/p>\n<p>Ce blog, je le dois au Venezuela, aux v\u00e9n\u00e9zu\u00e9liens.<\/p>\n<p>Puissent-ils \u00eatre sinc\u00e8rement remerci\u00e9s pour ce qu\u2019ils m\u2019ont enseign\u00e9 et transmis durant les sept ann\u00e9es que j\u2019ai v\u00e9cu \u00e0 leurs c\u00f4t\u00e9s, et pour ce qu\u2019ils ont \u00e9veill\u00e9 en moi au fil du temps et des \u00e9preuves.<\/p>\n<p>L\u2019heure de conter cette aventure est arriv\u00e9e et surtout, de s\u2019ouvrir \u00e0 ce pays, \u00e0 ce continent sudam\u00e9ricain si fascinant.<\/p>\n<p>Ce blog est une invitation au partage, un pont entre deux cultures, une main tendue vers l\u2019autre, vers cet oc\u00e9an d\u2019inconnu.<\/p>\n<p>Bienvenue dans cet \u00e9lan de vie et d\u2019art o\u00f9 j\u2019aurai \u00e9galement plaisir \u00e0 partager mes coups de c\u0153ur, mes passions, mes r\u00e9flexions et mon insatiable curiosit\u00e9 artistique qui me nourrit comme Chef d\u2019orchestre et Chef de ch\u0153ur.[\/vc_column_text][vc_empty_space height=&#8221;12px&#8221;]\n\n\t<a href=\"#\" target=\"_self\" style=\"color: #ffffff\" class=\"qode-btn qode-btn-medium qode-btn-simple qode-btn-custom-hover-color qode-btn-icon qode-btn-default-hover\" data-hover-color=\"#b2b2b2\" >\n\t    <span class=\"qode-btn-text\"><\/span><span class=\"qode-button-v2-icon-holder\" style=\"font-size: 60px\" ><i class=\"qodef-icon-linea-icon icon-arrows-slim-right qode-button-v2-icon-holder-inner\" ><\/i><\/span>\t<\/a>\n\n[\/qode_elements_holder_item][\/qode_elements_holder][\/vc_column][vc_column css=&#8221;.vc_custom_1677106130173{margin-bottom: 0px !important;border-bottom-width: 0px !important;padding-bottom: 0px !important;}&#8221;]<div id=\"ultimate-heading-301969e4ac66d414c\" class=\"uvc-heading ult-adjust-bottom-margin ultimate-heading-301969e4ac66d414c uvc-5743 \" data-hspacer=\"no_spacer\"  data-halign=\"center\" style=\"text-align:center\"><div class=\"uvc-heading-spacer no_spacer\" style=\"top\"><\/div><div class=\"uvc-main-heading ult-responsive\"  data-ultimate-target='.uvc-heading.ultimate-heading-301969e4ac66d414c h3'  data-responsive-json-new='{\"font-size\":\"desktop:60px;\",\"line-height\":\"\"}' ><h3 style=\"font-family:&#039;Montserrat&#039;;font-weight:300;\">MON TRAVAIL<\/h3><\/div><\/div>[\/vc_column][\/vc_row][vc_row css_animation=&#8221;&#8221; row_type=&#8221;row&#8221; use_row_as_full_screen_section=&#8221;no&#8221; type=&#8221;full_width&#8221; angled_section=&#8221;no&#8221; text_align=&#8221;left&#8221; background_image_as_pattern=&#8221;without_pattern&#8221;][vc_column][vc_empty_space height=&#8221;50&#8243;][\/vc_column][\/vc_row][vc_row css_animation=&#8221;&#8221; row_type=&#8221;row&#8221; use_row_as_full_screen_section=&#8221;yes&#8221; type=&#8221;grid&#8221; in_content_menu=&#8221;in_content_menu&#8221; content_menu_icon=&#8221;&#8221; angled_section=&#8221;no&#8221; text_align=&#8221;left&#8221; background_image_as_pattern=&#8221;without_pattern&#8221; z_index=&#8221;&#8221; css=&#8221;.vc_custom_1670709486122{padding-top: 60px !important;padding-bottom: 60px !important;}&#8221;][vc_column width=&#8221;1\/2&#8243; css=&#8221;.vc_custom_1670708526054{padding-right: 10% !important;padding-left: 10% !important;}&#8221;][vc_empty_space][vc_column_text]<\/p>\n<h5><span style=\"color: #bd9a80;\">Direction<\/span><br \/>\n<span style=\"color: #ffffff;\">d\u2019orchestre<\/span><\/h5>\n<p>&nbsp;<\/p>\n<p>Chef d\u2019orchestre au parcours atypique, Christophe Talmont est de retour en Europe apr\u00e8s avoir v\u00e9cu une exp\u00e9rience unique au Venezuela de 2012 \u00e0 2019, o\u00f9 il a \u00e9t\u00e9 Directeur Musical de l\u2019Orchestre Symphonique de l\u2019Etat de M\u00e9rida et Fondateur de l\u2019Orchestre Symphonique de l\u2019Universit\u00e9 des Andes \u00e0 M\u00e9rida. Reconnu pour son \u00e9clectisme et sa passion \u00e0 transmettre son exp\u00e9rience \u00e0 la jeune g\u00e9n\u00e9ration, il a pr\u00e9sent\u00e9 de nouveaux r\u00e9pertoires, incluant de nombreuses pi\u00e8ces fran\u00e7aises et europ\u00e9ennes du r\u00e9pertoire lyrique, symphonique et d\u2019oratorio.[\/vc_column_text][vc_empty_space][vc_row_inner row_type=&#8221;row&#8221; type=&#8221;full_width&#8221; text_align=&#8221;left&#8221; css_animation=&#8221;&#8221; css=&#8221;.vc_custom_1670708731242{background-color: #908067 !important;}&#8221;][vc_column_inner][vc_column_text css=&#8221;.vc_custom_1720883833713{padding-top: 10px !important;padding-bottom: 10px !important;}&#8221;]<\/p>\n<h3><a href=\"https:\/\/christophetalmont.com\/fr\/bio-orquesta-v2\/\"><span style=\"color: #ffffff;\">Lire plus&#8230;<\/span><\/a><\/h3>\n<p>[\/vc_column_text][\/vc_column_inner][\/vc_row_inner][\/vc_column][vc_column width=&#8221;1\/2&#8243;][vc_single_image image=&#8221;110&#8243; img_size=&#8221;full&#8221; qode_css_animation=&#8221;&#8221; css=&#8221;.vc_custom_1670708764426{border-top-width: 2px !important;border-right-width: 2px !important;padding-top: 20px !important;padding-right: 20px !important;border-right-color: #bd9a80 !important;border-right-style: solid !important;border-top-color: #bd9a80 !important;border-top-style: solid !important;}&#8221;][\/vc_column][\/vc_row][vc_row css_animation=&#8221;&#8221; row_type=&#8221;row&#8221; use_row_as_full_screen_section=&#8221;yes&#8221; type=&#8221;grid&#8221; in_content_menu=&#8221;in_content_menu&#8221; content_menu_icon=&#8221;&#8221; angled_section=&#8221;no&#8221; text_align=&#8221;left&#8221; background_image_as_pattern=&#8221;without_pattern&#8221; bg_type=&#8221;image&#8221; parallax_style=&#8221;vcpb-default&#8221; bg_image_new=&#8221;id^113|url^http:\/\/christophetalmont.com\/wp01\/wp-content\/uploads\/2022\/12\/fondo02.jpg|caption^null|alt^null|title^fondo02|description^null&#8221; bg_image_posiiton=&#8221;50% 100%&#8221; z_index=&#8221;&#8221; css=&#8221;.vc_custom_1677106910101{padding-top: 100px !important;padding-bottom: 100px !important;}&#8221;][vc_column width=&#8221;1\/2&#8243; css=&#8221;.vc_custom_1670708526054{padding-right: 10% !important;padding-left: 10% !important;}&#8221;][vc_single_image image=&#8221;114&#8243; img_size=&#8221;full&#8221; qode_css_animation=&#8221;&#8221; css=&#8221;.vc_custom_1670709629153{border-top-width: 2px !important;border-left-width: 2px !important;padding-top: 20px !important;padding-left: 20px !important;border-left-color: #bd9a80 !important;border-left-style: solid !important;border-top-color: #bd9a80 !important;border-top-style: solid !important;}&#8221;][\/vc_column][vc_column width=&#8221;1\/2&#8243;][vc_empty_space][vc_column_text]<\/p>\n<h5><span style=\"color: #bd9a80;\">Direction<\/span><br \/>\n<span style=\"color: #ffffff;\">de ch\u0153ur<\/span><\/h5>\n<p>&nbsp;<\/p>\n<p>Originaire de Bretagne, Christophe Talmont s\u2019est form\u00e9 au sein de la Psalette de Rennes, actuellement Maitrise de Haute Bretagne\u00a0; une r\u00e9f\u00e9rence en France, gr\u00e2ce au travail infatigable de son chef de Ch\u0153ur, Jean-Michel No\u00ebl, qui lui a transmis le go\u00fbt de l\u2019exigence, de la passion pour la voix humaine, et lui a offert ses premi\u00e8res opportunit\u00e9s de direction. Nourri d\u00e8s le plus jeune \u00e2ge de sonorit\u00e9s chorales et orchestrales, gr\u00e2ce \u00e9galement \u00e0 sa formation de clarinettiste, Christophe Talmont a d\u00e9velopp\u00e9 un go\u00fbt aussi bien pour la direction de ch\u0153ur que pour la direction d\u2019orchestre.[\/vc_column_text][vc_empty_space][vc_row_inner row_type=&#8221;row&#8221; type=&#8221;full_width&#8221; text_align=&#8221;left&#8221; css_animation=&#8221;&#8221; css=&#8221;.vc_custom_1670708731242{background-color: #908067 !important;}&#8221;][vc_column_inner][vc_column_text css=&#8221;.vc_custom_1720883846328{padding-top: 10px !important;padding-bottom: 10px !important;}&#8221;]<\/p>\n<h3><a href=\"https:\/\/christophetalmont.com\/fr\/bio-coro\/\"><span style=\"color: #ffffff;\">Lire plus&#8230;<\/span><\/a><\/h3>\n<p>[\/vc_column_text][\/vc_column_inner][\/vc_row_inner][\/vc_column][\/vc_row][vc_row css_animation=&#8221;&#8221; row_type=&#8221;row&#8221; use_row_as_full_screen_section=&#8221;no&#8221; type=&#8221;grid&#8221; angled_section=&#8221;no&#8221; text_align=&#8221;left&#8221; background_image_as_pattern=&#8221;without_pattern&#8221; z_index=&#8221;&#8221;][vc_column][vc_empty_space height=&#8221;50&#8243;][vc_column_text]<\/p>\n<h5 style=\"text-align: right;\"><span style=\"color: #bd9a80;\">PR\u00c9SENTATIONS<\/span><br \/>\n<span style=\"color: #ffffff;\">PR\u00c9C\u00c9DENTES<\/span><\/h5>\n<p>[\/vc_column_text][vc_empty_space height=&#8221;30&#8243;][vc_row_inner row_type=&#8221;row&#8221; type=&#8221;full_width&#8221; text_align=&#8221;left&#8221; css_animation=&#8221;&#8221;][vc_column_inner width=&#8221;1\/3&#8243; css=&#8221;.vc_custom_1670711074334{border-right-width: 2px !important;padding-right: 10% !important;padding-left: 10% !important;border-right-color: #bd9a80 !important;border-right-style: solid !important;}&#8221;][vc_column_text]<\/p>\n<h2 style=\"text-align: right;\">CARACAS &#8211;<br \/>\nVENEZUELA<\/h2>\n<p>[\/vc_column_text][\/vc_column_inner][vc_column_inner width=&#8221;1\/3&#8243; css=&#8221;.vc_custom_1670711140070{border-right-width: 2px !important;padding-right: 10% !important;padding-left: 10% !important;border-right-color: #bd9a80 !important;border-right-style: solid !important;}&#8221;][vc_single_image image=&#8221;1972&#8243; img_size=&#8221;full&#8221; qode_css_animation=&#8221;&#8221; css=&#8221;.vc_custom_1750442671444{border-top-width: 2px !important;border-right-width: 2px !important;border-bottom-width: 2px !important;border-left-width: 2px !important;padding-top: 20px !important;padding-right: 20px !important;padding-bottom: 20px !important;padding-left: 20px !important;border-left-color: #e0e0e0 !important;border-left-style: solid !important;border-right-color: #e0e0e0 !important;border-right-style: solid !important;border-top-color: #e0e0e0 !important;border-top-style: solid !important;border-bottom-color: #e0e0e0 !important;border-bottom-style: solid !important;}&#8221;][\/vc_column_inner][vc_column_inner width=&#8221;1\/3&#8243; css=&#8221;.vc_custom_1718661136834{border-right-width: 2px !important;padding-right: 10% !important;padding-left: 10% !important;border-right-color: #000000 !important;}&#8221;][\/vc_column_inner][\/vc_row_inner][vc_row_inner row_type=&#8221;row&#8221; type=&#8221;full_width&#8221; text_align=&#8221;left&#8221; css_animation=&#8221;&#8221;][vc_column_inner width=&#8221;1\/3&#8243; css=&#8221;.vc_custom_1670711074334{border-right-width: 2px !important;padding-right: 10% !important;padding-left: 10% !important;border-right-color: #bd9a80 !important;border-right-style: solid !important;}&#8221;][vc_column_text]<\/p>\n<h2 style=\"text-align: right;\">SALTA &#8211;<\/h2>\n<h2 style=\"text-align: right;\">ARGENTINE<\/h2>\n<h2 style=\"text-align: right;\">AREQUIPA, LIMA, CUSCO &#8211;<\/h2>\n<h2 style=\"text-align: right;\">P\u00c9ROU<\/h2>\n<p>[\/vc_column_text][\/vc_column_inner][vc_column_inner width=&#8221;1\/3&#8243; css=&#8221;.vc_custom_1670711140070{border-right-width: 2px !important;padding-right: 10% !important;padding-left: 10% !important;border-right-color: #bd9a80 !important;border-right-style: solid !important;}&#8221;][vc_single_image image=&#8221;1805&#8243; img_size=&#8221;full&#8221; qode_css_animation=&#8221;&#8221; css=&#8221;.vc_custom_1732037663332{border-top-width: 2px !important;border-right-width: 2px !important;border-bottom-width: 2px !important;border-left-width: 2px !important;padding-top: 20px !important;padding-right: 20px !important;padding-bottom: 20px !important;padding-left: 20px !important;border-left-color: #e0e0e0 !important;border-left-style: solid !important;border-right-color: #e0e0e0 !important;border-right-style: solid !important;border-top-color: #e0e0e0 !important;border-top-style: solid !important;border-bottom-color: #e0e0e0 !important;border-bottom-style: solid !important;}&#8221;][vc_single_image image=&#8221;1808&#8243; img_size=&#8221;full&#8221; qode_css_animation=&#8221;&#8221; css=&#8221;.vc_custom_1732037641558{border-top-width: 2px !important;border-right-width: 2px !important;border-bottom-width: 2px !important;border-left-width: 2px !important;padding-top: 20px !important;padding-right: 20px !important;padding-bottom: 20px !important;padding-left: 20px !important;border-left-color: #e0e0e0 !important;border-left-style: solid !important;border-right-color: #e0e0e0 !important;border-right-style: solid !important;border-top-color: #e0e0e0 !important;border-top-style: solid !important;border-bottom-color: #e0e0e0 !important;border-bottom-style: solid !important;}&#8221;][\/vc_column_inner][vc_column_inner width=&#8221;1\/3&#8243; css=&#8221;.vc_custom_1718661136834{border-right-width: 2px !important;padding-right: 10% !important;padding-left: 10% !important;border-right-color: #000000 !important;}&#8221;][vc_single_image image=&#8221;1813&#8243; img_size=&#8221;full&#8221; qode_css_animation=&#8221;&#8221; css=&#8221;.vc_custom_1732037619860{border-top-width: 2px !important;border-right-width: 2px !important;border-bottom-width: 2px !important;border-left-width: 2px !important;padding-top: 20px !important;padding-right: 20px !important;padding-bottom: 20px !important;padding-left: 20px !important;border-left-color: #e0e0e0 !important;border-left-style: solid !important;border-right-color: #e0e0e0 !important;border-right-style: solid !important;border-top-color: #e0e0e0 !important;border-top-style: solid !important;border-bottom-color: #e0e0e0 !important;border-bottom-style: solid !important;}&#8221;][vc_single_image image=&#8221;1821&#8243; img_size=&#8221;full&#8221; qode_css_animation=&#8221;&#8221; css=&#8221;.vc_custom_1732037582767{border-top-width: 2px !important;border-right-width: 2px !important;border-bottom-width: 2px !important;border-left-width: 2px !important;padding-top: 20px !important;padding-right: 20px !important;padding-bottom: 20px !important;padding-left: 20px !important;border-left-color: #e0e0e0 !important;border-left-style: solid !important;border-right-color: #e0e0e0 !important;border-right-style: solid !important;border-top-color: #e0e0e0 !important;border-top-style: solid !important;border-bottom-color: #e0e0e0 !important;border-bottom-style: solid !important;}&#8221;][\/vc_column_inner][\/vc_row_inner][vc_row_inner row_type=&#8221;row&#8221; type=&#8221;full_width&#8221; text_align=&#8221;left&#8221; css_animation=&#8221;&#8221;][vc_column_inner width=&#8221;1\/3&#8243; css=&#8221;.vc_custom_1670711074334{border-right-width: 2px !important;padding-right: 10% !important;padding-left: 10% !important;border-right-color: #bd9a80 !important;border-right-style: solid !important;}&#8221;][vc_column_text]<\/p>\n<h2 style=\"text-align: right;\">CARACAS &#8211;<br \/>\nVENEZUELA<\/h2>\n<p>[\/vc_column_text][\/vc_column_inner][vc_column_inner width=&#8221;1\/3&#8243; css=&#8221;.vc_custom_1670711140070{border-right-width: 2px !important;padding-right: 10% !important;padding-left: 10% !important;border-right-color: #bd9a80 !important;border-right-style: solid !important;}&#8221;][vc_single_image image=&#8221;1048&#8243; img_size=&#8221;full&#8221; qode_css_animation=&#8221;&#8221; css=&#8221;.vc_custom_1718661111795{border-top-width: 2px !important;border-right-width: 2px !important;border-bottom-width: 2px !important;border-left-width: 2px !important;padding-top: 20px !important;padding-right: 20px !important;padding-bottom: 20px !important;padding-left: 20px !important;border-left-color: #e0e0e0 !important;border-left-style: solid !important;border-right-color: #e0e0e0 !important;border-right-style: solid !important;border-top-color: #e0e0e0 !important;border-top-style: solid !important;border-bottom-color: #e0e0e0 !important;border-bottom-style: solid !important;}&#8221;][\/vc_column_inner][vc_column_inner width=&#8221;1\/3&#8243; css=&#8221;.vc_custom_1718661136834{border-right-width: 2px !important;padding-right: 10% !important;padding-left: 10% !important;border-right-color: #000000 !important;}&#8221;][vc_single_image image=&#8221;1051&#8243; img_size=&#8221;full&#8221; qode_css_animation=&#8221;&#8221; css=&#8221;.vc_custom_1718661124790{border-top-width: 2px !important;border-right-width: 2px !important;border-bottom-width: 2px !important;border-left-width: 2px !important;padding-top: 20px !important;padding-right: 20px !important;padding-bottom: 20px !important;padding-left: 20px !important;border-left-color: #e0e0e0 !important;border-left-style: solid !important;border-right-color: #e0e0e0 !important;border-right-style: solid !important;border-top-color: #e0e0e0 !important;border-top-style: solid !important;border-bottom-color: #e0e0e0 !important;border-bottom-style: solid !important;}&#8221;][\/vc_column_inner][\/vc_row_inner][vc_empty_space height=&#8221;80&#8243;][\/vc_column][\/vc_row][vc_row css_animation=&#8221;&#8221; row_type=&#8221;row&#8221; use_row_as_full_screen_section=&#8221;no&#8221; type=&#8221;grid&#8221; angled_section=&#8221;no&#8221; text_align=&#8221;left&#8221; background_image_as_pattern=&#8221;without_pattern&#8221; z_index=&#8221;&#8221; css=&#8221;.vc_custom_1678220336270{background-color: #191919 !important;}&#8221;][vc_column][vc_empty_space height=&#8221;50&#8243;][vc_column_text]<\/p>\n<h5 style=\"text-align: right;\"><span style=\"color: #bd9a80;\">MESSAGES LES PLUS R\u00c9CENTS<\/span><br \/>\n<span style=\"color: #ffffff;\">DANS MON BLOG<\/span><\/h5>\n<p>[\/vc_column_text][vc_empty_space height=&#8221;30&#8243;]\n<div class='latest_post_holder boxes three_columns one_row' >\n    <ul>\n    \n        <li class=\"clearfix\">\n            <div class=\"boxes_image\">\n                                <a itemprop=\"url\" href=\"https:\/\/christophetalmont.com\/fr\/mis-primeros-pasos-en-venezuela-noviembre-del-2010\/\"><img loading=\"lazy\" decoding=\"async\" width=\"539\" height=\"303\" src=\"https:\/\/christophetalmont.com\/wp01\/wp-content\/uploads\/2024\/08\/2331644875_76954d79ef_o-539x303.jpg\" class=\"attachment-latest_post_boxes size-latest_post_boxes wp-post-image\" alt=\"\" \/><\/a>\n            <\/div>\n            <div class=\"latest_post\"  >\n                <div class=\"latest_post_text\">\n                    <div class=\"latest_post_inner\">\n                        <div class=\"latest_post_text_inner\">\n                            <h5 itemprop=\"name\" class=\"latest_post_title entry_title\"><a itemprop=\"url\" href=\"https:\/\/christophetalmont.com\/fr\/mis-primeros-pasos-en-venezuela-noviembre-del-2010\/\">Mes premiers pas au Venezuela, novembre 2010<\/a><\/h5>\n                            <p class=\"excerpt\">[vc_row css_animation=&#8221;&#8221; row_type=&#8221;row&#8221; use_row_as_full_screen_section=&#8221;no&#8221; type=&#8221;full_width&#8221; angled_s...<\/p>\n                            <span class=\"post_infos\">\n                                                                                                \n                                \n                                                            <\/span>\n                        <\/div>\n                    <\/div>\n                <\/div>\n            <\/div>\n        <\/li>\n    \n        <li class=\"clearfix\">\n            <div class=\"boxes_image\">\n                                <a itemprop=\"url\" href=\"https:\/\/christophetalmont.com\/fr\/despertar-de-la-conciencia\/\"><img loading=\"lazy\" decoding=\"async\" width=\"539\" height=\"303\" src=\"https:\/\/christophetalmont.com\/wp01\/wp-content\/uploads\/2023\/04\/imagen-5-ernest-1er-post-blog-539x303.png\" class=\"attachment-latest_post_boxes size-latest_post_boxes wp-post-image\" alt=\"\" \/><\/a>\n            <\/div>\n            <div class=\"latest_post\"  >\n                <div class=\"latest_post_text\">\n                    <div class=\"latest_post_inner\">\n                        <div class=\"latest_post_text_inner\">\n                            <h5 itemprop=\"name\" class=\"latest_post_title entry_title\"><a itemprop=\"url\" href=\"https:\/\/christophetalmont.com\/fr\/despertar-de-la-conciencia\/\">Eveil de la Conscience<\/a><\/h5>\n                            <p class=\"excerpt\">[vc_row css_animation=&#8221;&#8221; row_type=&#8221;row&#8221; use_row_as_full_screen_section=&#8221;no&#8221; type=&#8221;full_width&#8221; angled_s...<\/p>\n                            <span class=\"post_infos\">\n                                                                                                \n                                \n                                                            <\/span>\n                        <\/div>\n                    <\/div>\n                <\/div>\n            <\/div>\n        <\/li>\n        <\/ul>\n<\/div>[vc_empty_space height=&#8221;50&#8243;][\/vc_column][\/vc_row]<\/p>\n<\/section>","protected":false},"excerpt":{"rendered":"<p>[vc_row css_animation=&#8221;&#8221; row_type=&#8221;row&#8221; use_row_as_full_screen_section=&#8221;no&#8221; type=&#8221;full_width&#8221; angled_section=&#8221;no&#8221; text_align=&#8221;left&#8221; background_image_as_pattern=&#8221;without_pattern&#8221; z_index=&#8221;&#8221;][vc_column][rev_slider_vc alias=&#8221;home-11&#8243;][\/vc_column][\/vc_row][vc_row css_animation=&#8221;&#8221; row_type=&#8221;row&#8221; use_row_as_full_screen_section=&#8221;no&#8221; type=&#8221;grid&#8221; angled_section=&#8221;no&#8221; text_align=&#8221;left&#8221; background_image_as_pattern=&#8221;without_pattern&#8221; bg_type=&#8221;image&#8221; parallax_style=&#8221;vcpb-default&#8221; bg_image_new=&#8221;id^101|url^http:\/\/christophetalmont.com\/wp01\/wp-content\/uploads\/2022\/12\/fondo01.jpg|caption^null|alt^null|title^fondo01|description^null&#8221; bg_image_repeat=&#8221;no-repeat&#8221; css=&#8221;.vc_custom_1677106754381{padding-top: 80px !important;}&#8221; z_index=&#8221;&#8221;][vc_column offset=&#8221;vc_col-md-5&#8243;][vc_single_image image=&#8221;301&#8243; img_size=&#8221;1000&#8243; qode_css_animation=&#8221;&#8221; css=&#8221;.vc_custom_1677784865262{border-top-width: 2px !important;border-left-width: 2px !important;padding-top: 20px !important;padding-left: 20px !important;border-left-color: #bd9a80 !important;border-left-style: solid !important;border-top-color: #bd9a80 !important;border-top-style: solid&#8230;<\/p>\n","protected":false},"author":1,"featured_media":0,"parent":0,"menu_order":0,"comment_status":"closed","ping_status":"closed","template":"full_width.php","meta":{"footnotes":""},"class_list":["post-855","page","type-page","status-publish","hentry"],"_links":{"self":[{"href":"https:\/\/christophetalmont.com\/fr\/wp-json\/wp\/v2\/pages\/855"}],"collection":[{"href":"https:\/\/christophetalmont.com\/fr\/wp-json\/wp\/v2\/pages"}],"about":[{"href":"https:\/\/christophetalmont.com\/fr\/wp-json\/wp\/v2\/types\/page"}],"author":[{"embeddable":true,"href":"https:\/\/christophetalmont.com\/fr\/wp-json\/wp\/v2\/users\/1"}],"replies":[{"embeddable":true,"href":"https:\/\/christophetalmont.com\/fr\/wp-json\/wp\/v2\/comments?post=855"}],"version-history":[{"count":22,"href":"https:\/\/christophetalmont.com\/fr\/wp-json\/wp\/v2\/pages\/855\/revisions"}],"predecessor-version":[{"id":1975,"href":"https:\/\/christophetalmont.com\/fr\/wp-json\/wp\/v2\/pages\/855\/revisions\/1975"}],"wp:attachment":[{"href":"https:\/\/christophetalmont.com\/fr\/wp-json\/wp\/v2\/media?parent=855"}],"curies":[{"name":"wp","href":"https:\/\/api.w.org\/{rel}","templated":true}]}}