{"id":841,"date":"2024-05-30T12:59:10","date_gmt":"2024-05-30T12:59:10","guid":{"rendered":"https:\/\/christophetalmont.com\/?page_id=841"},"modified":"2024-08-05T19:34:27","modified_gmt":"2024-08-05T19:34:27","slug":"prensa-orquesta","status":"publish","type":"page","link":"https:\/\/christophetalmont.com\/fr\/prensa-orquesta\/","title":{"rendered":"Prensa Orquesta"},"content":{"rendered":"<section class=\"wpb-content-wrapper\"><p>[vc_row css_animation=&#8221;&#8221; row_type=&#8221;row&#8221; use_row_as_full_screen_section=&#8221;no&#8221; type=&#8221;grid&#8221; angled_section=&#8221;no&#8221; text_align=&#8221;left&#8221; background_image_as_pattern=&#8221;without_pattern&#8221; bg_type=&#8221;image&#8221; parallax_style=&#8221;vcpb-default&#8221; bg_image_new=&#8221;id^1108|url^http:\/\/christophetalmont.com\/wp01\/wp-content\/uploads\/2024\/07\/fondo_prensa_01.jpg|caption^null|alt^null|title^fondo_prensa_01|description^null&#8221; bg_image_repeat=&#8221;no-repeat&#8221; bg_img_attach=&#8221;fixed&#8221; bg_image_posiiton=&#8221;100% 100%&#8221; z_index=&#8221;&#8221;][vc_column][vc_empty_space height=&#8221;200&#8243;]<div id=\"ultimate-heading-86369f2595dc022d\" class=\"uvc-heading ult-adjust-bottom-margin ultimate-heading-86369f2595dc022d uvc-8751 \" data-hspacer=\"no_spacer\"  data-halign=\"center\" style=\"text-align:center\"><div class=\"uvc-heading-spacer no_spacer\" style=\"top\"><\/div><div class=\"uvc-main-heading ult-responsive\"  data-ultimate-target='.uvc-heading.ultimate-heading-86369f2595dc022d h2'  data-responsive-json-new='{\"font-size\":\"desktop:30px;\",\"line-height\":\"\"}' ><h2 style=\"font-family:&#039;Montserrat&#039;;font-weight:300;\">Revue de presse<\/h2><\/div><\/div>[vc_empty_space height=&#8221;30&#8243;][vc_column_text]<\/p>\n<h3 style=\"text-align: center;\"><span style=\"color: #ffffff;\">CHEF D&#8217;ORCHESTRE<\/span> \/ <a href=\"https:\/\/christophetalmont.com\/fr\/prensacoros\/\"><span style=\"color: #888888;\">CHEF DE CH\u0152UR<\/span><\/a><\/h3>\n<p>[\/vc_column_text][vc_empty_space height=&#8221;50&#8243;][vc_row_inner row_type=&#8221;row&#8221; type=&#8221;full_width&#8221; text_align=&#8221;left&#8221; css_animation=&#8221;&#8221;][vc_column_inner width=&#8221;1\/3&#8243;]<div class=\"aio-icon-component    style_3\"><div id=\"Info-box-wrap-2848\" class=\"aio-icon-box square_box-icon\" style=\"border-color:#c1c1c1;border-style:solid;border-width:5px;background-color:#ffffff;\" data-min-height='300px' ><div class=\"aio-icon-header\" ><h3 class=\"aio-icon-title ult-responsive\"  data-ultimate-target='#Info-box-wrap-2848 .aio-icon-title'  data-responsive-json-new='{\"font-size\":\"\",\"line-height\":\"\"}'  style=\"font-family:&#039;Montserrat&#039;;font-weight:600;color:#000000;\">Mozart, R\u00e9quiem y Sinfon\u00eda n\u00ba 35<\/h3><\/div> <!-- header --><div class=\"aio-icon-description ult-responsive\"  data-ultimate-target='#Info-box-wrap-2848 .aio-icon-description'  data-responsive-json-new='{\"font-size\":\"\",\"line-height\":\"\"}'  style=\"color:#2b2b2b;\"><\/p>\n<p style=\"text-align: center;\">Un chef valeureux et surdou\u00e9.<\/p>\n<p style=\"text-align: center;\"><span style=\"color: #000000;\"><strong>\u2013<\/strong><\/span><\/p>\n<p style=\"text-align: center;\"><span style=\"color: #000000;\"><strong>Le Proven\u00e7al <\/strong><\/span><\/p>\n<p><\/div> <!-- description --><\/div> <!-- aio-icon-box --><\/div> <!-- aio-icon-component -->[\/vc_column_inner][vc_column_inner width=&#8221;1\/3&#8243;]<div class=\"aio-icon-component    style_3\"><div id=\"Info-box-wrap-2304\" class=\"aio-icon-box square_box-icon\" style=\"border-color:#c1c1c1;border-style:solid;border-width:5px;background-color:#ffffff;\" data-min-height='300px' ><div class=\"aio-icon-header\" ><h3 class=\"aio-icon-title ult-responsive\"  data-ultimate-target='#Info-box-wrap-2304 .aio-icon-title'  data-responsive-json-new='{\"font-size\":\"\",\"line-height\":\"\"}'  style=\"font-family:&#039;Montserrat&#039;;font-weight:600;color:#000000;\">Herv\u00e9, Les Chevaliers de la Table ronde<\/h3><\/div> <!-- header --><div class=\"aio-icon-description ult-responsive\"  data-ultimate-target='#Info-box-wrap-2304 .aio-icon-description'  data-responsive-json-new='{\"font-size\":\"\",\"line-height\":\"\"}'  style=\"color:#2b2b2b;\"><\/p>\n<p style=\"text-align: center;\">La partition est rondement men\u00e9e par l\u2019Orchestre National Avignon-Provence sous la baguette p\u00e9tulante de Christophe Talmont, qui fait lui-m\u00eame spectacle tant il s\u2019investit \u00e0 la t\u00eate de la phalange.<\/p>\n<p style=\"text-align: center;\"><span style=\"color: #000000;\"><strong>\u2013<\/strong><\/span><\/p>\n<p style=\"text-align: center;\"><strong><span style=\"color: #000000;\">Classiqueenprovence, Genevi\u00e8ve All\u00e8ne-Dewulf<\/span><\/strong><\/p>\n<p><\/div> <!-- description --><\/div> <!-- aio-icon-box --><\/div> <!-- aio-icon-component -->[\/vc_column_inner][vc_column_inner width=&#8221;1\/3&#8243;]<div class=\"aio-icon-component    style_3\"><div id=\"Info-box-wrap-5208\" class=\"aio-icon-box square_box-icon\" style=\"border-color:#c1c1c1;border-style:solid;border-width:5px;background-color:#ffffff;\" data-min-height='300px' ><div class=\"aio-icon-header\" ><h3 class=\"aio-icon-title ult-responsive\"  data-ultimate-target='#Info-box-wrap-5208 .aio-icon-title'  data-responsive-json-new='{\"font-size\":\"\",\"line-height\":\"\"}'  style=\"font-family:&#039;Montserrat&#039;;font-weight:600;color:#000000;\">Herv\u00e9, Les Chevaliers de la Table ronde<\/h3><\/div> <!-- header --><div class=\"aio-icon-description ult-responsive\"  data-ultimate-target='#Info-box-wrap-5208 .aio-icon-description'  data-responsive-json-new='{\"font-size\":\"\",\"line-height\":\"\"}'  style=\"color:#2b2b2b;\"><\/p>\n<p style=\"text-align: center;\">L\u2019ex\u00e9cution musicale tr\u00e8s soign\u00e9e et \u00e9quilibr\u00e9e de Christophe Talmont dans la fosse donne beaucoup de satisfactions tout du long.<\/p>\n<p style=\"text-align: center;\"><strong>\u2013<\/strong><\/p>\n<p style=\"text-align: center;\"><strong>ConcertoNet.com, Florent Coudeyrat<\/strong><\/p>\n<p><\/div> <!-- description --><\/div> <!-- aio-icon-box --><\/div> <!-- aio-icon-component -->[\/vc_column_inner][\/vc_row_inner][vc_row_inner row_type=&#8221;row&#8221; type=&#8221;full_width&#8221; text_align=&#8221;left&#8221; css_animation=&#8221;&#8221;][vc_column_inner width=&#8221;1\/3&#8243;]<div class=\"aio-icon-component    style_3\"><div id=\"Info-box-wrap-3905\" class=\"aio-icon-box square_box-icon\" style=\"border-color:#c1c1c1;border-style:solid;border-width:5px;background-color:#ffffff;\" data-min-height='350px' ><div class=\"aio-icon-header\" ><h3 class=\"aio-icon-title ult-responsive\"  data-ultimate-target='#Info-box-wrap-3905 .aio-icon-title'  data-responsive-json-new='{\"font-size\":\"\",\"line-height\":\"\"}'  style=\"font-family:&#039;Montserrat&#039;;font-weight:600;color:#000000;\">Reynaldo Hahn, L'Amour masqu\u00e9<\/h3><\/div> <!-- header --><div class=\"aio-icon-description ult-responsive\"  data-ultimate-target='#Info-box-wrap-3905 .aio-icon-description'  data-responsive-json-new='{\"font-size\":\"\",\"line-height\":\"\"}'  style=\"color:#2b2b2b;\"><\/p>\n<p style=\"text-align: center;\">Sous la direction experte de Christophe Talmont, l\u2019Orchestre National de Lorraine, l\u00e9ger et plein de finesse, d\u00e9ploie de belles couleurs feutr\u00e9es.<\/p>\n<p style=\"text-align: center;\"><strong>\u2013<\/strong><\/p>\n<p style=\"text-align: center;\"><strong>Concertclassic.com, Bernard Niedda<\/strong><\/p>\n<p><\/div> <!-- description --><\/div> <!-- aio-icon-box --><\/div> <!-- aio-icon-component -->[\/vc_column_inner][vc_column_inner width=&#8221;1\/3&#8243;]<div class=\"aio-icon-component    style_3\"><div id=\"Info-box-wrap-3468\" class=\"aio-icon-box square_box-icon\" style=\"border-color:#c1c1c1;border-style:solid;border-width:5px;background-color:#ffffff;\" data-min-height='350px' ><div class=\"aio-icon-header\" ><h3 class=\"aio-icon-title ult-responsive\"  data-ultimate-target='#Info-box-wrap-3468 .aio-icon-title'  data-responsive-json-new='{\"font-size\":\"\",\"line-height\":\"\"}'  style=\"font-family:&#039;Montserrat&#039;;font-weight:600;color:#000000;\">Offenbach, La Belle H\u00e9l\u00e8ne<\/h3><\/div> <!-- header --><div class=\"aio-icon-description ult-responsive\"  data-ultimate-target='#Info-box-wrap-3468 .aio-icon-description'  data-responsive-json-new='{\"font-size\":\"\",\"line-height\":\"\"}'  style=\"color:#2b2b2b;\"><\/p>\n<p style=\"text-align: center;\">Christophe Talmont donne de la partition du \u00ab\u00a0Mozart des Champs-\u00c9lys\u00e9es\u00a0\u00bb une ex\u00e9cution d\u00e9licate, avec de belles nuances et des contrastes, faisant la part belle aux finales endiabl\u00e9s.<\/p>\n<p style=\"text-align: center;\"><strong>\u2013<\/strong><\/p>\n<p style=\"text-align: center;\"><strong>Concertclassic.com, Bernard Niedda<\/strong><\/p>\n<p><\/div> <!-- description --><\/div> <!-- aio-icon-box --><\/div> <!-- aio-icon-component -->[\/vc_column_inner][vc_column_inner width=&#8221;1\/3&#8243;]<div class=\"aio-icon-component    style_3\"><div id=\"Info-box-wrap-7086\" class=\"aio-icon-box square_box-icon\" style=\"border-color:#c1c1c1;border-style:solid;border-width:5px;background-color:#ffffff;\" data-min-height='350px' ><div class=\"aio-icon-header\" ><h3 class=\"aio-icon-title ult-responsive\"  data-ultimate-target='#Info-box-wrap-7086 .aio-icon-title'  data-responsive-json-new='{\"font-size\":\"\",\"line-height\":\"\"}'  style=\"font-family:&#039;Montserrat&#039;;font-weight:600;color:#000000;\">Offenbach, La Grande Duchesse de Gerolstein<\/h3><\/div> <!-- header --><div class=\"aio-icon-description ult-responsive\"  data-ultimate-target='#Info-box-wrap-7086 .aio-icon-description'  data-responsive-json-new='{\"font-size\":\"\",\"line-height\":\"\"}'  style=\"color:#2b2b2b;\"><\/p>\n<p style=\"text-align: center;\">Christophe Talmont se passionne pour l\u2019\u0153uvre d\u2019Offenbach et sa direction d\u2019orchestre traduit incontestablement l\u2019int\u00e9r\u00eat qu\u2019il porte au compositeur. Ses tempi rapides sont toujours s\u00fbrs et il veille, avec efficacit\u00e9, \u00e0 l\u2019\u00e9quilibre et au fondu des instruments.<\/p>\n<p style=\"text-align: center;\"><strong>\u2013<\/strong><\/p>\n<p style=\"text-align: center;\"><strong>Op\u00e9rette, Christian Jarniat <\/strong><\/p>\n<p><\/div> <!-- description --><\/div> <!-- aio-icon-box --><\/div> <!-- aio-icon-component -->[\/vc_column_inner][\/vc_row_inner][vc_row_inner row_type=&#8221;row&#8221; type=&#8221;full_width&#8221; text_align=&#8221;left&#8221; css_animation=&#8221;&#8221;][vc_column_inner width=&#8221;1\/3&#8243;]<div class=\"aio-icon-component    style_3\"><div id=\"Info-box-wrap-5435\" class=\"aio-icon-box square_box-icon\" style=\"border-color:#c1c1c1;border-style:solid;border-width:5px;background-color:#ffffff;\" data-min-height='350px' ><div class=\"aio-icon-header\" ><h3 class=\"aio-icon-title ult-responsive\"  data-ultimate-target='#Info-box-wrap-5435 .aio-icon-title'  data-responsive-json-new='{\"font-size\":\"\",\"line-height\":\"\"}'  style=\"font-family:&#039;Montserrat&#039;;font-weight:600;color:#000000;\">Offenbach, Fantasio<\/h3><\/div> <!-- header --><div class=\"aio-icon-description ult-responsive\"  data-ultimate-target='#Info-box-wrap-5435 .aio-icon-description'  data-responsive-json-new='{\"font-size\":\"\",\"line-height\":\"\"}'  style=\"color:#2b2b2b;\"><\/p>\n<p style=\"text-align: center;\">Le chef d\u2019orchestre Christophe Talmont fait merveille \u00e0 la t\u00eate de l\u2019Orchestre de Tours et d\u00e9gage avec finesse les \u00e9tats d\u2019\u00e2me contradictoires du compositeur.<\/p>\n<p style=\"text-align: center;\"><strong>\u2013<\/strong><\/p>\n<p style=\"text-align: center;\"><strong>Op\u00e9rette<\/strong><\/p>\n<p><\/div> <!-- description --><\/div> <!-- aio-icon-box --><\/div> <!-- aio-icon-component -->[\/vc_column_inner][vc_column_inner width=&#8221;1\/3&#8243;]<div class=\"aio-icon-component    style_3\"><div id=\"Info-box-wrap-7701\" class=\"aio-icon-box square_box-icon\" style=\"border-color:#c1c1c1;border-style:solid;border-width:5px;background-color:#ffffff;\" data-min-height='350px' ><div class=\"aio-icon-header\" ><h3 class=\"aio-icon-title ult-responsive\"  data-ultimate-target='#Info-box-wrap-7701 .aio-icon-title'  data-responsive-json-new='{\"font-size\":\"\",\"line-height\":\"\"}'  style=\"font-family:&#039;Montserrat&#039;;font-weight:600;color:#000000;\">Raoul Moretti, Un soir de r\u00e9veillon<\/h3><\/div> <!-- header --><div class=\"aio-icon-description ult-responsive\"  data-ultimate-target='#Info-box-wrap-7701 .aio-icon-description'  data-responsive-json-new='{\"font-size\":\"\",\"line-height\":\"\"}'  style=\"color:#2b2b2b;\"><\/p>\n<p style=\"text-align: center;\">A la baguette, Christophe Talmont a fait lui aussi un remarquable travail musical et cela se sent parfaitement dans la finesse avec laquelle il accompagne chaque protagoniste dans sa parfaite ad\u00e9quation du style de l\u2019\u0153uvre, dans la qualit\u00e9 de chacun des instrumentistes, et dans le rythme qu\u2019il imprime \u00e0 la partition.<\/p>\n<p style=\"text-align: center;\"><strong>\u2013<\/strong><\/p>\n<p style=\"text-align: center;\"><strong>Op\u00e9rette, Christian Jarniat <\/strong><\/p>\n<p><\/div> <!-- description --><\/div> <!-- aio-icon-box --><\/div> <!-- aio-icon-component -->[\/vc_column_inner][vc_column_inner width=&#8221;1\/3&#8243;]<div class=\"aio-icon-component    style_3\"><div id=\"Info-box-wrap-6534\" class=\"aio-icon-box square_box-icon\" style=\"border-color:#c1c1c1;border-style:solid;border-width:5px;background-color:#ffffff;\" data-min-height='350px' ><div class=\"aio-icon-header\" ><h3 class=\"aio-icon-title ult-responsive\"  data-ultimate-target='#Info-box-wrap-6534 .aio-icon-title'  data-responsive-json-new='{\"font-size\":\"\",\"line-height\":\"\"}'  style=\"font-family:&#039;Montserrat&#039;;font-weight:600;color:#000000;\">Lehar, La Veuve Joyeuse<\/h3><\/div> <!-- header --><div class=\"aio-icon-description ult-responsive\"  data-ultimate-target='#Info-box-wrap-6534 .aio-icon-description'  data-responsive-json-new='{\"font-size\":\"\",\"line-height\":\"\"}'  style=\"color:#2b2b2b;\"><\/p>\n<p style=\"text-align: center;\">L\u2019orchestre Symphonique de Tours et les ch\u0153urs de l\u2019Op\u00e9ra sont plac\u00e9s sous la direction de Christophe Talmont qui fait entendre la partition de Lehar dans tout son \u00e9clat et son raffinement.<\/p>\n<p style=\"text-align: center;\"><strong>\u2013<\/strong><\/p>\n<p style=\"text-align: center;\"><strong>Op\u00e9rette, Didier Roumilhac <\/strong><\/p>\n<p><\/div> <!-- description --><\/div> <!-- aio-icon-box --><\/div> <!-- aio-icon-component -->[\/vc_column_inner][\/vc_row_inner][vc_empty_space height=&#8221;50&#8243;][\/vc_column][\/vc_row]<\/p>\n<\/section>","protected":false},"excerpt":{"rendered":"<p>[vc_row css_animation=&#8221;&#8221; row_type=&#8221;row&#8221; use_row_as_full_screen_section=&#8221;no&#8221; type=&#8221;grid&#8221; angled_section=&#8221;no&#8221; text_align=&#8221;left&#8221; background_image_as_pattern=&#8221;without_pattern&#8221; bg_type=&#8221;image&#8221; parallax_style=&#8221;vcpb-default&#8221; bg_image_new=&#8221;id^1108|url^http:\/\/christophetalmont.com\/wp01\/wp-content\/uploads\/2024\/07\/fondo_prensa_01.jpg|caption^null|alt^null|title^fondo_prensa_01|description^null&#8221; bg_image_repeat=&#8221;no-repeat&#8221; bg_img_attach=&#8221;fixed&#8221; bg_image_posiiton=&#8221;100% 100%&#8221; z_index=&#8221;&#8221;][vc_column][vc_empty_space height=&#8221;200&#8243;][vc_empty_space height=&#8221;30&#8243;][vc_column_text] CHEF D&#8217;ORCHESTRE \/ CHEF DE CH\u0152UR [\/vc_column_text][vc_empty_space height=&#8221;50&#8243;][vc_row_inner row_type=&#8221;row&#8221; type=&#8221;full_width&#8221; text_align=&#8221;left&#8221; css_animation=&#8221;&#8221;][vc_column_inner width=&#8221;1\/3&#8243;][\/vc_column_inner][vc_column_inner width=&#8221;1\/3&#8243;][\/vc_column_inner][vc_column_inner width=&#8221;1\/3&#8243;][\/vc_column_inner][\/vc_row_inner][vc_row_inner row_type=&#8221;row&#8221; type=&#8221;full_width&#8221; text_align=&#8221;left&#8221; css_animation=&#8221;&#8221;][vc_column_inner width=&#8221;1\/3&#8243;][\/vc_column_inner][vc_column_inner width=&#8221;1\/3&#8243;][\/vc_column_inner][vc_column_inner width=&#8221;1\/3&#8243;][\/vc_column_inner][\/vc_row_inner][vc_row_inner row_type=&#8221;row&#8221; type=&#8221;full_width&#8221; text_align=&#8221;left&#8221; css_animation=&#8221;&#8221;][vc_column_inner width=&#8221;1\/3&#8243;][\/vc_column_inner][vc_column_inner&#8230;<\/p>\n","protected":false},"author":1,"featured_media":0,"parent":0,"menu_order":0,"comment_status":"closed","ping_status":"closed","template":"full_width.php","meta":{"footnotes":""},"class_list":["post-841","page","type-page","status-publish","hentry"],"_links":{"self":[{"href":"https:\/\/christophetalmont.com\/fr\/wp-json\/wp\/v2\/pages\/841"}],"collection":[{"href":"https:\/\/christophetalmont.com\/fr\/wp-json\/wp\/v2\/pages"}],"about":[{"href":"https:\/\/christophetalmont.com\/fr\/wp-json\/wp\/v2\/types\/page"}],"author":[{"embeddable":true,"href":"https:\/\/christophetalmont.com\/fr\/wp-json\/wp\/v2\/users\/1"}],"replies":[{"embeddable":true,"href":"https:\/\/christophetalmont.com\/fr\/wp-json\/wp\/v2\/comments?post=841"}],"version-history":[{"count":11,"href":"https:\/\/christophetalmont.com\/fr\/wp-json\/wp\/v2\/pages\/841\/revisions"}],"predecessor-version":[{"id":1435,"href":"https:\/\/christophetalmont.com\/fr\/wp-json\/wp\/v2\/pages\/841\/revisions\/1435"}],"wp:attachment":[{"href":"https:\/\/christophetalmont.com\/fr\/wp-json\/wp\/v2\/media?parent=841"}],"curies":[{"name":"wp","href":"https:\/\/api.w.org\/{rel}","templated":true}]}}