{"id":830,"date":"2024-05-30T12:42:34","date_gmt":"2024-05-30T12:42:34","guid":{"rendered":"https:\/\/christophetalmont.com\/?page_id=830"},"modified":"2024-07-04T13:58:32","modified_gmt":"2024-07-04T13:58:32","slug":"bio-coro","status":"publish","type":"page","link":"https:\/\/christophetalmont.com\/fr\/bio-coro\/","title":{"rendered":"Bio Coro"},"content":{"rendered":"<section class=\"wpb-content-wrapper\"><p>[vc_row css_animation=&#8221;&#8221; row_type=&#8221;row&#8221; use_row_as_full_screen_section=&#8221;no&#8221; type=&#8221;grid&#8221; angled_section=&#8221;no&#8221; text_align=&#8221;left&#8221; background_image_as_pattern=&#8221;without_pattern&#8221; bg_type=&#8221;image&#8221; parallax_style=&#8221;vcpb-default&#8221; bg_image_new=&#8221;id^303|url^http:\/\/christophetalmont.com\/wp01\/wp-content\/uploads\/2023\/03\/DSC_4802-ret-scaled.jpg|caption^null|alt^null|title^DSC_4802-ret|description^null&#8221; bg_image_repeat=&#8221;no-repeat&#8221; bg_img_attach=&#8221;fixed&#8221; bg_image_posiiton=&#8221;0 0&#8243; z_index=&#8221;&#8221;][vc_column width=&#8221;1\/3&#8243;][\/vc_column][vc_column width=&#8221;2\/3&#8243;][vc_empty_space height=&#8221;140&#8243;][vc_row_inner row_type=&#8221;row&#8221; type=&#8221;full_width&#8221; text_align=&#8221;left&#8221; css_animation=&#8221;&#8221; css=&#8221;.vc_custom_1677938216718{padding-right: 10px !important;padding-left: 10px !important;background-color: rgba(255,255,255,0.94) !important;*background-color: rgb(255,255,255) !important;}&#8221;][vc_column_inner][vc_empty_space height=&#8221;40&#8243;][vc_column_text]<\/p>\n<h2><span style=\"color: #333333;\">Biographie<\/span><\/h2>\n<p>[\/vc_column_text][vc_column_text]<\/p>\n<h1><span style=\"color: #333333;\">Chef de Choeur<\/span><\/h1>\n<p>[\/vc_column_text]<div id=\"ultimate-heading-620669e4c394dac1a\" class=\"uvc-heading ult-adjust-bottom-margin ultimate-heading-620669e4c394dac1a uvc-2100 \" data-hspacer=\"no_spacer\"  data-halign=\"center\" style=\"text-align:center\"><div class=\"uvc-heading-spacer no_spacer\" style=\"top\"><\/div><div class=\"uvc-sub-heading ult-responsive\"  data-ultimate-target='.uvc-heading.ultimate-heading-620669e4c394dac1a .uvc-sub-heading '  data-responsive-json-new='{\"font-size\":\"desktop:20px;\",\"line-height\":\"\"}'  style=\"font-family:&#039;Montserrat&#039;;font-weight:300;\"><\/p>\n<h3 style=\"text-align: left;\"><span style=\"color: #999999;\"><a style=\"color: #999999;\" href=\"https:\/\/christophetalmont.com\/fr\/orquesta01\/\">Voir Biographie Chef d&#8217;Orchestre<\/a><\/span><\/h3>\n<p><\/div><\/div>[vc_empty_space height=&#8221;40&#8243;][vc_column_text]<span style=\"color: #333333;\">Originaire de Bretagne, Christophe Talmont s\u2019est form\u00e9 au sein de la Psalette de Rennes, actuellement Maitrise de Haute Bretagne\u00a0; une r\u00e9f\u00e9rence en France, gr\u00e2ce au travail infatigable de son chef de Ch\u0153ur, Jean-Michel No\u00ebl, qui lui a transmis le go\u00fbt de l\u2019exigence, de la passion pour la voix humaine, et lui a offert ses premi\u00e8res opportunit\u00e9s de direction. Nourri d\u00e8s le plus jeune \u00e2ge de sonorit\u00e9s chorales et orchestrales, gr\u00e2ce \u00e9galement \u00e0 sa formation de clarinettiste, Christophe Talmont a d\u00e9velopp\u00e9 un go\u00fbt aussi bien pour la direction de ch\u0153ur que pour la direction d\u2019orchestre.<\/span><\/p>\n<p>&nbsp;<\/p>\n<p><span style=\"color: #333333;\">Apr\u00e8s ses \u00e9tudes de direction d\u2019orchestre \u00e0 l\u2019Ecole Normale de Musique de Paris, il est nomm\u00e9 Chef de Ch\u0153ur au Centre National d\u2019Insertion Professionnelle d\u2019Artistes Lyriques \u00e0 Marseille, de 1989 \u00e0 1994, o\u00f9 il travaille aux c\u00f4t\u00e9s de Jean Laforge, ancien Chef des Ch\u0153urs \u00e0 l\u2019Op\u00e9ra de Paris, et de Michel Lasserre de Rozel, ancien Chef de Ch\u0153ur de la Ma\u00eetrise de Radio-France\u00a0; une exp\u00e9rience capitale pour parfaire sa formation et d\u00e9couvrir la versatilit\u00e9 du r\u00e9pertoire lyrique. Il assure la pr\u00e9paration de l\u2019ensemble vocal de ce centre pour les Op\u00e9ras de Marseille, Avignon, Montpellier, le Th\u00e9\u00e2tre du Capitole \u00e0 Toulouse, l\u2019Op\u00e9ra-Comique \u00e0 Paris et le Festival International d\u2019Art lyrique des Chor\u00e9gies d\u2019Orange.<\/span><\/p>\n<p>&nbsp;<\/p>\n<p><span style=\"color: #333333;\">Tout au long de son parcours professionnel, Christophe Talmont a multipli\u00e9 les exp\u00e9riences dans le domaine choral. Il a \u00e9t\u00e9 Chef de Ch\u0153ur \u00e0 l\u2019Op\u00e9ra National de Montpellier de 2002 \u00e0 2004, Chef de Ch\u0153ur invit\u00e9 au Ch\u0153ur de Radio France, au Th\u00e9\u00e2tre Royal de la Monnaie \u00e0 Bruxelles, \u00e0 l\u2019Op\u00e9ra de Lausanne, ainsi que dans les Op\u00e9ras de Rennes, Lille et Dijon. En 2023, il a assum\u00e9 un int\u00e9rim \u00e0 l\u2019Op\u00e9ra de Marseille et en 2021 \u00e0 l\u2019Op\u00e9ra Grand-Avignon, qui s\u2019est achev\u00e9 dans le cadre de la r\u00e9ouverture du th\u00e9\u00e2tre en octobre 2021, avec la pr\u00e9paration du ch\u0153ur pour une nouvelle production de Peter Grimes de Britten, dont le travail choral a \u00e9t\u00e9 unanimement salu\u00e9 par la presse.<\/span><\/p>\n<p>&nbsp;<\/p>\n<p><span style=\"color: #333333;\">Il a \u00e9galement assum\u00e9 la pr\u00e9paration de ch\u0153urs pour divers enregistrements\u00a0: Cyrano de Bergerac d\u2019Alfano (DVD avec Roberto Alagna), la Vedova Scaltra de Wolf Ferrari (CD), Perel\u00e0 Uomo di fumo de Pascal Dusapin (CD) avec les Ch\u0153urs de l\u2019Op\u00e9ra National de Montpellier, ainsi que la Grotta di Trifonio de Salieri (CD) avec les Choeurs de l\u2019Op\u00e9ra de Lausanne.<\/span><\/p>\n<p>&nbsp;<\/p>\n<p><span style=\"color: #333333;\">Par ailleurs, Christophe Talmont a d\u00e9velopp\u00e9 son r\u00e9pertoire avec des pi\u00e8ces a cappella et d\u2019oratorio gr\u00e2ce au travail accompli au CNIPAL, avec l\u2019Ensemble Vocal Provence au sein du Ch\u0153ur R\u00e9gion Sud Provence-Alpes-C\u00f4te-d\u2019Azur, ainsi qu\u2019avec le Ch\u0153ur D\u00e9partemental de l\u2019Aude.<\/span><\/p>\n<p>&nbsp;<\/p>\n<p><span style=\"color: #333333;\">Fort de sa double formation, il a particip\u00e9 \u00e0 l\u2019enrichissement du r\u00e9pertoire symphonique-choral au Venezuela. Il a donn\u00e9 \u00e0 M\u00e9rida la cr\u00e9ation de la 2\u00b0 Symphonie \u00ab\u00a0Lobgesang\u00a0\u00bb de Mendelssohn (concert enregistr\u00e9 en direct par la T\u00e9l\u00e9vision de l\u2019Universit\u00e9 des Andes) et a dirig\u00e9, entre autres, le Psaume 42 de Mendelssohn, la Messe Saint Nicolas de Haydn, la Messe en Sol de Schubert, N\u00e4nie et Schicksalslied de Brahms et le Requiem de Faur\u00e9.<\/span>[\/vc_column_text][vc_empty_space height=&#8221;50&#8243;][\/vc_column_inner][\/vc_row_inner][vc_empty_space height=&#8221;100&#8243;][\/vc_column][\/vc_row][vc_row css_animation=&#8221;&#8221; row_type=&#8221;row&#8221; use_row_as_full_screen_section=&#8221;no&#8221; type=&#8221;full_width&#8221; angled_section=&#8221;no&#8221; text_align=&#8221;left&#8221; background_image_as_pattern=&#8221;without_pattern&#8221;][vc_column][\/vc_column][\/vc_row]<\/p>\n<\/section>","protected":false},"excerpt":{"rendered":"<p>[vc_row css_animation=&#8221;&#8221; row_type=&#8221;row&#8221; use_row_as_full_screen_section=&#8221;no&#8221; type=&#8221;grid&#8221; angled_section=&#8221;no&#8221; text_align=&#8221;left&#8221; background_image_as_pattern=&#8221;without_pattern&#8221; bg_type=&#8221;image&#8221; parallax_style=&#8221;vcpb-default&#8221; bg_image_new=&#8221;id^303|url^http:\/\/christophetalmont.com\/wp01\/wp-content\/uploads\/2023\/03\/DSC_4802-ret-scaled.jpg|caption^null|alt^null|title^DSC_4802-ret|description^null&#8221; bg_image_repeat=&#8221;no-repeat&#8221; bg_img_attach=&#8221;fixed&#8221; bg_image_posiiton=&#8221;0 0&#8243; z_index=&#8221;&#8221;][vc_column width=&#8221;1\/3&#8243;][\/vc_column][vc_column width=&#8221;2\/3&#8243;][vc_empty_space height=&#8221;140&#8243;][vc_row_inner row_type=&#8221;row&#8221; type=&#8221;full_width&#8221; text_align=&#8221;left&#8221; css_animation=&#8221;&#8221; css=&#8221;.vc_custom_1677938216718{padding-right: 10px !important;padding-left: 10px !important;background-color: rgba(255,255,255,0.94) !important;*background-color: rgb(255,255,255) !important;}&#8221;][vc_column_inner][vc_empty_space height=&#8221;40&#8243;][vc_column_text] Biographie [\/vc_column_text][vc_column_text] Chef de Choeur [\/vc_column_text][vc_empty_space height=&#8221;40&#8243;][vc_column_text]Originaire de Bretagne, Christophe Talmont s\u2019est&#8230;<\/p>\n","protected":false},"author":1,"featured_media":0,"parent":0,"menu_order":0,"comment_status":"closed","ping_status":"closed","template":"full_width.php","meta":{"footnotes":""},"class_list":["post-830","page","type-page","status-publish","hentry"],"_links":{"self":[{"href":"https:\/\/christophetalmont.com\/fr\/wp-json\/wp\/v2\/pages\/830"}],"collection":[{"href":"https:\/\/christophetalmont.com\/fr\/wp-json\/wp\/v2\/pages"}],"about":[{"href":"https:\/\/christophetalmont.com\/fr\/wp-json\/wp\/v2\/types\/page"}],"author":[{"embeddable":true,"href":"https:\/\/christophetalmont.com\/fr\/wp-json\/wp\/v2\/users\/1"}],"replies":[{"embeddable":true,"href":"https:\/\/christophetalmont.com\/fr\/wp-json\/wp\/v2\/comments?post=830"}],"version-history":[{"count":6,"href":"https:\/\/christophetalmont.com\/fr\/wp-json\/wp\/v2\/pages\/830\/revisions"}],"predecessor-version":[{"id":899,"href":"https:\/\/christophetalmont.com\/fr\/wp-json\/wp\/v2\/pages\/830\/revisions\/899"}],"wp:attachment":[{"href":"https:\/\/christophetalmont.com\/fr\/wp-json\/wp\/v2\/media?parent=830"}],"curies":[{"name":"wp","href":"https:\/\/api.w.org\/{rel}","templated":true}]}}