{"id":797,"date":"2024-05-30T12:10:13","date_gmt":"2024-05-30T12:10:13","guid":{"rendered":"https:\/\/christophetalmont.com\/orquesta01\/"},"modified":"2024-08-03T17:43:50","modified_gmt":"2024-08-03T17:43:50","slug":"orquesta01","status":"publish","type":"page","link":"https:\/\/christophetalmont.com\/fr\/orquesta01\/","title":{"rendered":"Bio Orquesta"},"content":{"rendered":"<section class=\"wpb-content-wrapper\"><p>[vc_row css_animation=&#8221;&#8221; row_type=&#8221;row&#8221; use_row_as_full_screen_section=&#8221;no&#8221; type=&#8221;grid&#8221; angled_section=&#8221;no&#8221; text_align=&#8221;left&#8221; background_image_as_pattern=&#8221;without_pattern&#8221; bg_type=&#8221;image&#8221; parallax_style=&#8221;vcpb-default&#8221; bg_image_new=&#8221;id^348|url^http:\/\/christophetalmont.com\/wp01\/wp-content\/uploads\/2023\/03\/DSC_4762-ret-V3-short-v1.jpg|caption^null|alt^null|title^DSC_4762-ret-V3-short-v1|description^null&#8221; bg_image_repeat=&#8221;no-repeat&#8221; bg_img_attach=&#8221;fixed&#8221; bg_image_posiiton=&#8221;0 0&#8243; z_index=&#8221;&#8221;][vc_column width=&#8221;1\/3&#8243;][\/vc_column][vc_column width=&#8221;2\/3&#8243;][vc_empty_space height=&#8221;140&#8243;][vc_row_inner row_type=&#8221;row&#8221; type=&#8221;full_width&#8221; text_align=&#8221;left&#8221; css_animation=&#8221;&#8221; css=&#8221;.vc_custom_1717071297966{padding-right: 10px !important;padding-left: 10px !important;background-color: rgba(255,255,255,0.83) !important;*background-color: rgb(255,255,255) !important;}&#8221;][vc_column_inner][vc_empty_space height=&#8221;40&#8243;][vc_column_text]<\/p>\n<h2><span style=\"color: #000000;\">Biographie<\/span><\/h2>\n<p>[\/vc_column_text][vc_column_text]<\/p>\n<h1><span style=\"color: #000000;\">Chef d&#8217;Orchestre<\/span><\/h1>\n<p>[\/vc_column_text]<div id=\"ultimate-heading-914369e4d9e704b4d\" class=\"uvc-heading ult-adjust-bottom-margin ultimate-heading-914369e4d9e704b4d uvc-4665 \" data-hspacer=\"no_spacer\"  data-halign=\"center\" style=\"text-align:center\"><div class=\"uvc-heading-spacer no_spacer\" style=\"top\"><\/div><div class=\"uvc-sub-heading ult-responsive\"  data-ultimate-target='.uvc-heading.ultimate-heading-914369e4d9e704b4d .uvc-sub-heading '  data-responsive-json-new='{\"font-size\":\"desktop:20px;\",\"line-height\":\"\"}'  style=\"font-family:&#039;Montserrat&#039;;font-weight:300;\"><\/p>\n<h3 style=\"text-align: left;\"><a href=\"https:\/\/christophetalmont.com\/fr\/bio-coro\/\"><span style=\"color: #000000;\">Voir Biographie Chef de Choeur<\/span><\/a><\/h3>\n<p><\/div><\/div>[vc_empty_space height=&#8221;40&#8243;][vc_column_text]<span style=\"color: #000000;\">Chef d\u2019orchestre au parcours atypique, Christophe Talmont est de retour en Europe apr\u00e8s avoir v\u00e9cu une exp\u00e9rience unique au Venezuela de 2012 \u00e0 2019, o\u00f9 il a \u00e9t\u00e9 Directeur Musical de l\u2019Orchestre Symphonique de l\u2019Etat de M\u00e9rida et Fondateur de l\u2019Orchestre Symphonique de l\u2019Universit\u00e9 des Andes \u00e0 M\u00e9rida. Reconnu pour son \u00e9clectisme et sa passion \u00e0 transmettre son exp\u00e9rience \u00e0 la jeune g\u00e9n\u00e9ration, il a pr\u00e9sent\u00e9 de nouveaux r\u00e9pertoires, incluant de nombreuses pi\u00e8ces fran\u00e7aises et europ\u00e9ennes du r\u00e9pertoire lyrique, symphonique et d\u2019oratorio.<\/span><\/p>\n<p>&nbsp;<\/p>\n<p><span style=\"color: #000000;\">Chef d\u2019orchestre, chef de ch\u0153ur, clarinettiste, p\u00e9dagogue, Christophe Talmont est un musicien complet, polyvalent, passionn\u00e9 de chant et d\u2019art lyrique. Il a collabor\u00e9 avec les plus grands solistes de la sc\u00e8ne lyrique internationale, comme Anja Silja, Karita Mattila, Barbara Bonney, Thomas Hampson, Roberto Alagna\u2026<\/span><\/p>\n<p>&nbsp;<\/p>\n<p><span style=\"color: #000000;\">Il a \u00e9tudi\u00e9 la direction d\u2019orchestre dans la classe de Dominique Rouits \u00e0 l\u2019Ecole Normale de Musique de Paris dont il est laur\u00e9at, puis avec Pierre Dervaux dans le cadre de la Fondation Yehudi Menuhin-Acad\u00e9mie Internationale d\u2019Orchestre de Saumur. Il a compl\u00e9t\u00e9 sa formation avec Ferdinand Leitner \u00e0 l\u2019Accademia Chigiana de Siena-Italie et avec Konrad Leitner \u00e0 Vienne-Autriche dans le cadre des Wiener Meisterkurse f\u00fcr Musik o\u00f9 il re\u00e7oit le dipl\u00f4me des Wiener Meister Kurs.<\/span><\/p>\n<p>&nbsp;<\/p>\n<p><span style=\"color: #000000;\">Apr\u00e8s avoir \u00e9t\u00e9 chef assistant \u00e0 l\u2019Orchestre National de Cannes et d\u2019Avignon (1994-1997), il a \u00e9t\u00e9 Responsable Musical \u00e0 l\u2019Op\u00e9ra de Tours de 1998 \u00e0 2002, o\u00f9 il a dirig\u00e9 de nombreuses productions lyriques (l\u2019Italienne \u00e0 Alger de Rossini, Orph\u00e9e et Eurydice de Gluck, Die Lustige Witwe de Lehar, Die Fledermaus de Strauss, etc. \u2026) et concerts symphoniques. En 2006, il a \u00e9t\u00e9 nomm\u00e9 Chef R\u00e9sident \u00e0 l\u2019Orchestre National de Lyon, Directeur Musical de l\u2019Acad\u00e9mie de l\u2019ONL.<\/span><\/p>\n<p>&nbsp;<\/p>\n<p><span style=\"color: #000000;\">En France, il a dirig\u00e9 les Orchestres Nationaux de Lyon, de Lorraine (concerts symphoniques et op\u00e9ras), d\u2019Auvergne, des Pays de la Loire, de Montpellier, l\u2019Orchestre Philharmonique de Nice, l\u2019Orchestre de l\u2019Op\u00e9ra de Reims, de Rouen, et les Orchestres R\u00e9gionaux de Picardie et de Bretagne (Op\u00e9ra de Rennes).<\/span><\/p>\n<p>&nbsp;<\/p>\n<p><span style=\"color: #000000;\">En Allemagne, il a dirig\u00e9 l\u2019Orchestre du Th\u00e9\u00e2tre de Regensburg dans une production du Baron Tzigane de J. Strauss, et en Pologne, l\u2019Orchestre Philharmonique de Bialystok dans un programme d\u00e9di\u00e9 \u00e0 la musique fran\u00e7aise. A Paris, au Th\u00e9\u00e2tre du Ch\u00e2telet, il a dirig\u00e9 comme assistant de Christoph von Dohnanyi (Arabella de Strauss) The London Philharmonia <\/span><span style=\"color: #000000;\">Orchestra.<\/span><\/p>\n<p>&nbsp;<\/p>\n<p><span style=\"color: #000000;\">Au Venezuela, il a dirig\u00e9 tous les grands orchestres de Caracas, dont l\u2019Orchestre Philharmonique National, l\u2019Orchestre Symphonique du Venezuela avec lequel il entretient une relation r\u00e9guli\u00e8re, et les principales formations orchestrales du \u00ab El Sistema Nacional de Orquestas y Coros Infantiles y Juveniles de Venezuela \u00bb: la Sinf\u00f3nica Sim\u00f3n Bol\u00edvar, la Orquesta Sinf\u00f3nica Sim\u00f3n Bol\u00edvar de Venezuela (dir. Gustavo Dudamel), la Orquesta Juan Jos\u00e9 <\/span><span style=\"color: #000000;\">Landaeta, la Orquesta Barocca Sim\u00f3n Bol\u00edvar. Sur le continent sud-am\u00e9ricain, il a conduit l\u2019Orchestre National d\u2019Equateur, l\u2019Orchestre Symphonique National de Colombie et l\u2019Orchestre Symphonique de Cuzco, au P\u00e9rou, dans le cadre de son 10\u00b0 anniversaire.<\/span><\/p>\n<p>&nbsp;<\/p>\n<p><span style=\"color: #000000;\">En d\u00e9cembre 2021, il a remport\u00e9 un grand succ\u00e8s \u00e0 l\u2019Op\u00e9ra Grand Avignon avec une production des \u00abLes Chevaliers de la Table ronde\u00bb d\u2019Herv\u00e9 et au cours de l\u2019ann\u00e9e 2022, il a dirig\u00e9 plusieurs s\u00e9ries de concerts p\u00e9dagogiques avec l\u2019Orchestre National d\u2019Avignon.<\/span><\/p>\n<p>&nbsp;<\/p>\n<p><span style=\"color: #000000;\">Depuis plus d\u2019une d\u00e9cennie, Christophe Talmont d\u00e9veloppe \u00e9galement une activit\u00e9 de p\u00e9dagogue. Il a \u00e9t\u00e9 professeur invit\u00e9 au Conservatoire National Sup\u00e9rieur de Musique et de Danse de Lyon dans la classe d\u2019accompagnement au piano de Michel Tranchant, professeur invit\u00e9 \u00e0 l\u2019Ecole de Musique de la Facult\u00e9 des Arts de l\u2019Universit\u00e9 des Andes \u00e0 M\u00e9rida &#8211; Venezuela o\u00f9 il a enseign\u00e9 la direction de ch\u0153ur et d\u2019orchestre, et assure des masterclasses de direction d\u2019orchestre dans le cadre de ses activit\u00e9s avec El Sistema qu\u2019il poursuit depuis son retour en France en 2020.<\/span>[\/vc_column_text][vc_empty_space height=&#8221;50&#8243;][\/vc_column_inner][\/vc_row_inner][vc_empty_space height=&#8221;100&#8243;][\/vc_column][\/vc_row][vc_row css_animation=&#8221;&#8221; row_type=&#8221;row&#8221; use_row_as_full_screen_section=&#8221;no&#8221; type=&#8221;full_width&#8221; angled_section=&#8221;no&#8221; text_align=&#8221;left&#8221; background_image_as_pattern=&#8221;without_pattern&#8221;][vc_column][\/vc_column][\/vc_row]<\/p>\n<\/section>","protected":false},"excerpt":{"rendered":"<p>[vc_row css_animation=&#8221;&#8221; row_type=&#8221;row&#8221; use_row_as_full_screen_section=&#8221;no&#8221; type=&#8221;grid&#8221; angled_section=&#8221;no&#8221; text_align=&#8221;left&#8221; background_image_as_pattern=&#8221;without_pattern&#8221; bg_type=&#8221;image&#8221; parallax_style=&#8221;vcpb-default&#8221; bg_image_new=&#8221;id^348|url^http:\/\/christophetalmont.com\/wp01\/wp-content\/uploads\/2023\/03\/DSC_4762-ret-V3-short-v1.jpg|caption^null|alt^null|title^DSC_4762-ret-V3-short-v1|description^null&#8221; bg_image_repeat=&#8221;no-repeat&#8221; bg_img_attach=&#8221;fixed&#8221; bg_image_posiiton=&#8221;0 0&#8243; z_index=&#8221;&#8221;][vc_column width=&#8221;1\/3&#8243;][\/vc_column][vc_column width=&#8221;2\/3&#8243;][vc_empty_space height=&#8221;140&#8243;][vc_row_inner row_type=&#8221;row&#8221; type=&#8221;full_width&#8221; text_align=&#8221;left&#8221; css_animation=&#8221;&#8221; css=&#8221;.vc_custom_1717071297966{padding-right: 10px !important;padding-left: 10px !important;background-color: rgba(255,255,255,0.83) !important;*background-color: rgb(255,255,255) !important;}&#8221;][vc_column_inner][vc_empty_space height=&#8221;40&#8243;][vc_column_text] Biographie [\/vc_column_text][vc_column_text] Chef d&#8217;Orchestre [\/vc_column_text][vc_empty_space height=&#8221;40&#8243;][vc_column_text]Chef d\u2019orchestre au parcours atypique, Christophe Talmont&#8230;<\/p>\n","protected":false},"author":1,"featured_media":0,"parent":0,"menu_order":0,"comment_status":"closed","ping_status":"closed","template":"full_width.php","meta":{"footnotes":""},"class_list":["post-797","page","type-page","status-publish","hentry"],"_links":{"self":[{"href":"https:\/\/christophetalmont.com\/fr\/wp-json\/wp\/v2\/pages\/797"}],"collection":[{"href":"https:\/\/christophetalmont.com\/fr\/wp-json\/wp\/v2\/pages"}],"about":[{"href":"https:\/\/christophetalmont.com\/fr\/wp-json\/wp\/v2\/types\/page"}],"author":[{"embeddable":true,"href":"https:\/\/christophetalmont.com\/fr\/wp-json\/wp\/v2\/users\/1"}],"replies":[{"embeddable":true,"href":"https:\/\/christophetalmont.com\/fr\/wp-json\/wp\/v2\/comments?post=797"}],"version-history":[{"count":12,"href":"https:\/\/christophetalmont.com\/fr\/wp-json\/wp\/v2\/pages\/797\/revisions"}],"predecessor-version":[{"id":1386,"href":"https:\/\/christophetalmont.com\/fr\/wp-json\/wp\/v2\/pages\/797\/revisions\/1386"}],"wp:attachment":[{"href":"https:\/\/christophetalmont.com\/fr\/wp-json\/wp\/v2\/media?parent=797"}],"curies":[{"name":"wp","href":"https:\/\/api.w.org\/{rel}","templated":true}]}}