{"id":1616,"date":"2024-08-24T22:39:03","date_gmt":"2024-08-24T22:39:03","guid":{"rendered":"https:\/\/christophetalmont.com\/referencias01\/"},"modified":"2024-09-05T21:10:36","modified_gmt":"2024-09-05T21:10:36","slug":"referencias01","status":"publish","type":"page","link":"https:\/\/christophetalmont.com\/fr\/referencias01\/","title":{"rendered":"Referencias"},"content":{"rendered":"<section class=\"wpb-content-wrapper\"><p>[vc_row css_animation=&#8221;&#8221; row_type=&#8221;row&#8221; use_row_as_full_screen_section=&#8221;no&#8221; type=&#8221;full_width&#8221; angled_section=&#8221;no&#8221; text_align=&#8221;left&#8221; background_image_as_pattern=&#8221;without_pattern&#8221; bg_type=&#8221;image&#8221; parallax_style=&#8221;vcpb-default&#8221; bg_image_new=&#8221;id^1455|url^http:\/\/christophetalmont.com\/wp01\/wp-content\/uploads\/2024\/08\/foto-fondo-pedagogia-01.jpg|caption^null|alt^null|title^foto fondo pedagogia 01|description^null&#8221; bg_image_repeat=&#8221;no-repeat&#8221; bg_img_attach=&#8221;fixed&#8221; bg_image_posiiton=&#8221;0 0&#8243; z_index=&#8221;&#8221;][vc_column width=&#8221;2\/3&#8243; css=&#8221;.vc_custom_1724684307590{padding-right: 10% !important;padding-left: 10% !important;}&#8221;][vc_empty_space height=&#8221;140&#8243;][vc_row_inner row_type=&#8221;row&#8221; type=&#8221;full_width&#8221; text_align=&#8221;left&#8221; css_animation=&#8221;&#8221; css=&#8221;.vc_custom_1724535633552{padding-right: 10px !important;padding-left: 10px !important;background-color: rgba(86,43,5,0.76) !important;*background-color: rgb(86,43,5) !important;}&#8221;][vc_column_inner css=&#8221;.vc_custom_1724798317073{padding-right: 3% !important;padding-left: 3% !important;}&#8221;][vc_empty_space height=&#8221;40&#8243;][vc_column_text]<\/p>\n<h1 style=\"text-align: right;\"><span style=\"color: #b05890;\">P\u00c9DAGOGIE<\/span><\/h1>\n<p>[\/vc_column_text][vc_empty_space height=&#8221;30&#8243;]<div id=\"ultimate-heading-32769e532e437a55\" class=\"uvc-heading ult-adjust-bottom-margin ultimate-heading-32769e532e437a55 uvc-3556 \" data-hspacer=\"no_spacer\"  data-halign=\"center\" style=\"text-align:center\"><div class=\"uvc-heading-spacer no_spacer\" style=\"top\"><\/div><div class=\"uvc-sub-heading ult-responsive\"  data-ultimate-target='.uvc-heading.ultimate-heading-32769e532e437a55 .uvc-sub-heading '  data-responsive-json-new='{\"font-size\":\"desktop:20px;\",\"line-height\":\"\"}'  style=\"font-family:&#039;Montserrat&#039;;font-weight:300;\"><\/p>\n<h3 style=\"text-align: right;\"><b><a href=\"https:\/\/christophetalmont.com\/fr\/pedagogia\/\">PR\u00c9SENTATION<\/a> \/ <a href=\"https:\/\/christophetalmont.com\/fr\/magistrales2016\/\">MASTERCLASSES<\/a> \/ <span style=\"color: #b05890;\">RECOMMANDATIONS<\/span><\/b><\/h3>\n<p><\/div><\/div>[vc_empty_space height=&#8221;40&#8243;][vc_column_text]<\/p>\n<h4 style=\"text-align: justify;\"><strong>FRANCE, LYON<\/strong><\/h4>\n<p style=\"font-size: 0.8em;\"><span style=\"color: #bababa;\">Conservatoire National Sup\u00e9rieur Musique et Danse de Lyon<\/span><\/p>\n<p>&nbsp;<\/p>\n<p style=\"text-align: justify;\"><span style=\"color: #bababa;\">Je connais Christophe Talmont depuis de nombreuses ann\u00e9e durant lesquelles j&#8217;ai pu appr\u00e9cier \u00e0 leurs justes valeurs ses grandes qualit\u00e9s tant humaines qu&#8217;artistiques, son engagement aupr\u00e8s des musiciens, qu&#8217;ils soient jeunes ou moins jeunes, professionnels ou non, se mettant toujours exclusivement au service de la musique Ceci s&#8217;est particuli\u00e8rement v\u00e9rifi\u00e9 alors que je lui avais demand\u00e9 plusieurs ann\u00e9es de suite de venir travailler avec mes \u00e9tudiants du CNSMD de Lyon. Christophe s&#8217;est toujours montr\u00e9 p\u00e9dagogue de grande qualit\u00e9, attentif aux probl\u00e8mes de chacun surtout pour y apporter les solutions les meilleures et les plus adapt\u00e9es. Son sens du phras\u00e9, du son, de la musicalit\u00e9, en tous points remarquable, leur a toujours \u00e9t\u00e9 profitable et certains d&#8217;entre eux peuvent \u00e0 pr\u00e9sent mettre \u00e0 profit son enseignement et ses conseils dans de belles maisons comme les op\u00e9ras de Lyon et Cologne.<\/span><\/p>\n<p>&nbsp;<\/p>\n<p style=\"text-align: right;\"><span style=\"color: #bababa;\">Michel Tranchant<\/span><br \/>\n<span style=\"color: #bababa;\">Pianiste-Chef de Choeur-Chef d&#8217;orchestre<br \/>\nProfesseur honoraire d&#8217;accompagnement au piano<\/span><\/p>\n<p>[\/vc_column_text][vc_empty_space height=&#8221;40&#8243;][vc_separator type=&#8221;small&#8221; position=&#8221;center&#8221; color=&#8221;#bababa&#8221; thickness=&#8221;1&#8243;][vc_column_text]<\/p>\n<h4 style=\"text-align: justify;\"><strong>VENEZUELA, <\/strong><strong>MERIDA<\/strong><\/h4>\n<p style=\"font-size: 0.8em;\"><span style=\"color: #bababa;\">Universit\u00e9 des Andes, Facult\u00e9 des Arts<\/span><\/p>\n<p>&nbsp;<\/p>\n<p style=\"text-align: justify;\"><span style=\"color: #bababa;\">La pr\u00e9sence du Maestro Christophe Talmont a signifi\u00e9 un avant et un apr\u00e8s pour la ville de M\u00e9rida et, en particulier, pour la Licence de musique \u00e0 la facult\u00e9 des arts de l&#8217;Universit\u00e9 des Andes. Ses cours, ses masterclasses et la chaire de direction d&#8217;orchestre ont \u00e9t\u00e9 caract\u00e9ris\u00e9s par le s\u00e9rieux avec lequel il abordait la discipline, par le d\u00e9veloppement chez les \u00e9tudiants d&#8217;un sens artistique profond, et par la pr\u00e9paration m\u00e9thodique des \u0153uvres gr\u00e2ce \u00e0 la cr\u00e9ation d&#8217;une image mentale solide de la sonorit\u00e9 requise pour chaque compositeur. Tous ceux qui ont eu le privil\u00e8ge d&#8217;assister \u00e0 ses concerts et \u00e0 ses cours ont \u00e9t\u00e9 transform\u00e9s par une merveilleuse exp\u00e9rience esth\u00e9tique, qui ne peut s\u2019exprimer par des mots.<\/span><\/p>\n<p>&nbsp;<\/p>\n<p style=\"text-align: right;\"><span style=\"color: #bababa;\">Dr. Jorge Torres<br \/>\nDoyen de la Facult\u00e9 des Arts<\/span><\/p>\n<p>[\/vc_column_text][vc_empty_space height=&#8221;40&#8243;][vc_separator type=&#8221;small&#8221; position=&#8221;center&#8221; color=&#8221;#bababa&#8221; thickness=&#8221;1&#8243;][vc_column_text]<\/p>\n<h4 style=\"text-align: justify;\"><strong>PANAM\u00c1<\/strong><\/h4>\n<p style=\"font-size: 0.8em;\"><span style=\"color: #bababa;\">Minist\u00e8re de la Culture de Panam\u00e1 PNUD<\/span><\/p>\n<p>&nbsp;<\/p>\n<p style=\"text-align: justify;\"><span style=\"color: #bababa;\">Pendant les ann\u00e9es o\u00f9 j&#8217;ai \u00e9t\u00e9 directrice du chant lyrique pour El Sistema au Venezuela (1999-2017), nous avons eu le privil\u00e8ge d&#8217;avoir le maestro Christophe Talmont qui a dirig\u00e9 nos orchestres et nos ch\u0153urs lors de nombreux concerts et leur a donn\u00e9 des masterclasses inoubliables en mati\u00e8re d&#8217;interpr\u00e9tation, de style et de chant.<\/span><\/p>\n<p style=\"text-align: justify;\"><span style=\"color: #bababa;\">Le Maestro Talmont est de toute \u00e9vidence un v\u00e9ritable professeur. Nous savons tous que la principale qualit\u00e9 d&#8217;un enseignant est le don de communication, et au fil des ans, j&#8217;ai vu comment les enfants ont grandi sur le plan artistique gr\u00e2ce \u00e0 la force cr\u00e9atrice du Maestro. Le Maestro Talmont poss\u00e8de non seulement une connaissance impressionnante du r\u00e9pertoire vocal\/choral et de ses styles respectifs, mais aussi une connaissance approfondie de l&#8217;instrument vocal. Cette combinaison d&#8217;\u00e9l\u00e9ments, rare chez un chef d&#8217;orchestre, fait de lui le chef d&#8217;orchestre id\u00e9al pour un chanteur!<\/span><\/p>\n<p style=\"text-align: justify;\"><span style=\"color: #bababa;\">J&#8217;ai aussi \u00e9t\u00e9 t\u00e9moin de ses immenses qualit\u00e9s humaines, de sa profonde humilit\u00e9 doubl\u00e9e d&#8217;un sens aigu de la psychologie d&#8217;un groupe. Le Maestro Talmont poss\u00e8de une volont\u00e9 infinie de comprendre l&#8217;orchestre, le ch\u0153ur ou l&#8217;\u00e9l\u00e8ve qu&#8217;il a en face de lui. Ce don merveilleux s&#8217;accompagne d&#8217;une qualit\u00e9 humaine rare, celle de pouvoir communiquer avec ses musiciens et chanteurs avec une grande clart\u00e9, alli\u00e9e \u00e0 la douceur et \u00e0 la d\u00e9licatesse n\u00e9cessaires \u00e0 chaque situation. Ce que le Maestro Talmont recherche, c&#8217;est la mani\u00e8re la plus efficace d&#8217;aider ceux qu&#8217;il a en face de lui \u00e0 comprendre la musique, \u00e0 l&#8217;interpr\u00e9ter de la meilleure fa\u00e7on possible. Enseigner est une vocation, et le Maestro Talmont la poss\u00e8de.<\/span><\/p>\n<p>&nbsp;<\/p>\n<p style=\"text-align: right;\"><span style=\"color: #bababa;\">Margot Pares-Reyna, Soprano<br \/>\nDirectrice du D\u00e9partement de Chant<br \/>\nLa RED de Orquestas y Coros de Panam\u00e1<br \/>\n<\/span><\/p>\n<p>[\/vc_column_text][vc_empty_space height=&#8221;80&#8243;][\/vc_column_inner][\/vc_row_inner][vc_empty_space height=&#8221;50&#8243;][\/vc_column][vc_column width=&#8221;1\/3&#8243;][\/vc_column][\/vc_row]<\/p>\n<\/section>","protected":false},"excerpt":{"rendered":"<p>[vc_row css_animation=&#8221;&#8221; row_type=&#8221;row&#8221; use_row_as_full_screen_section=&#8221;no&#8221; type=&#8221;full_width&#8221; angled_section=&#8221;no&#8221; text_align=&#8221;left&#8221; background_image_as_pattern=&#8221;without_pattern&#8221; bg_type=&#8221;image&#8221; parallax_style=&#8221;vcpb-default&#8221; bg_image_new=&#8221;id^1455|url^http:\/\/christophetalmont.com\/wp01\/wp-content\/uploads\/2024\/08\/foto-fondo-pedagogia-01.jpg|caption^null|alt^null|title^foto fondo pedagogia 01|description^null&#8221; bg_image_repeat=&#8221;no-repeat&#8221; bg_img_attach=&#8221;fixed&#8221; bg_image_posiiton=&#8221;0 0&#8243; z_index=&#8221;&#8221;][vc_column width=&#8221;2\/3&#8243; css=&#8221;.vc_custom_1724684307590{padding-right: 10% !important;padding-left: 10% !important;}&#8221;][vc_empty_space height=&#8221;140&#8243;][vc_row_inner row_type=&#8221;row&#8221; type=&#8221;full_width&#8221; text_align=&#8221;left&#8221; css_animation=&#8221;&#8221; css=&#8221;.vc_custom_1724535633552{padding-right: 10px !important;padding-left: 10px !important;background-color: rgba(86,43,5,0.76) !important;*background-color: rgb(86,43,5) !important;}&#8221;][vc_column_inner css=&#8221;.vc_custom_1724798317073{padding-right: 3% !important;padding-left: 3% !important;}&#8221;][vc_empty_space height=&#8221;40&#8243;][vc_column_text]&#8230;<\/p>\n","protected":false},"author":1,"featured_media":0,"parent":0,"menu_order":0,"comment_status":"closed","ping_status":"closed","template":"full_width.php","meta":{"footnotes":""},"class_list":["post-1616","page","type-page","status-publish","hentry"],"_links":{"self":[{"href":"https:\/\/christophetalmont.com\/fr\/wp-json\/wp\/v2\/pages\/1616"}],"collection":[{"href":"https:\/\/christophetalmont.com\/fr\/wp-json\/wp\/v2\/pages"}],"about":[{"href":"https:\/\/christophetalmont.com\/fr\/wp-json\/wp\/v2\/types\/page"}],"author":[{"embeddable":true,"href":"https:\/\/christophetalmont.com\/fr\/wp-json\/wp\/v2\/users\/1"}],"replies":[{"embeddable":true,"href":"https:\/\/christophetalmont.com\/fr\/wp-json\/wp\/v2\/comments?post=1616"}],"version-history":[{"count":9,"href":"https:\/\/christophetalmont.com\/fr\/wp-json\/wp\/v2\/pages\/1616\/revisions"}],"predecessor-version":[{"id":1665,"href":"https:\/\/christophetalmont.com\/fr\/wp-json\/wp\/v2\/pages\/1616\/revisions\/1665"}],"wp:attachment":[{"href":"https:\/\/christophetalmont.com\/fr\/wp-json\/wp\/v2\/media?parent=1616"}],"curies":[{"name":"wp","href":"https:\/\/api.w.org\/{rel}","templated":true}]}}