{"id":948,"date":"2023-04-02T22:05:21","date_gmt":"2023-04-02T22:05:21","guid":{"rendered":"https:\/\/christophetalmont.com\/?page_id=948"},"modified":"2024-07-15T02:15:45","modified_gmt":"2024-07-15T02:15:45","slug":"videos-sinfonico","status":"publish","type":"page","link":"https:\/\/christophetalmont.com\/en\/videos-sinfonico\/","title":{"rendered":"Videos Sinf\u00f3nico"},"content":{"rendered":"<section class=\"wpb-content-wrapper\"><p>[vc_row css_animation=&#8221;&#8221; row_type=&#8221;row&#8221; use_row_as_full_screen_section=&#8221;no&#8221; type=&#8221;full_width&#8221; angled_section=&#8221;no&#8221; text_align=&#8221;left&#8221; background_image_as_pattern=&#8221;without_pattern&#8221; z_index=&#8221;&#8221;][vc_column][rev_slider_vc alias=&#8221;home-12&#8243;][\/vc_column][\/vc_row][vc_row css_animation=&#8221;&#8221; row_type=&#8221;row&#8221; use_row_as_full_screen_section=&#8221;no&#8221; type=&#8221;grid&#8221; angled_section=&#8221;no&#8221; text_align=&#8221;left&#8221; background_image_as_pattern=&#8221;without_pattern&#8221; z_index=&#8221;&#8221;][vc_column][vc_empty_space height=&#8221;50&#8243;]<div id=\"ultimate-heading-515469f6208fd90b2\" class=\"uvc-heading ult-adjust-bottom-margin ultimate-heading-515469f6208fd90b2 uvc-4780 \" data-hspacer=\"no_spacer\"  data-halign=\"center\" style=\"text-align:center\"><div class=\"uvc-heading-spacer no_spacer\" style=\"top\"><\/div><div class=\"uvc-main-heading ult-responsive\"  data-ultimate-target='.uvc-heading.ultimate-heading-515469f6208fd90b2 h2'  data-responsive-json-new='{\"font-size\":\"desktop:30px;\",\"line-height\":\"\"}' ><h2 style=\"font-family:&#039;Montserrat&#039;;font-weight:300;\">VIDEOS<\/h2><\/div><\/div>[vc_empty_space height=&#8221;30&#8243;][vc_column_text]<\/p>\n<h3 style=\"text-align: center;\"><a href=\"https:\/\/christophetalmont.com\/en\/videos-sinfonico-coral\/\"><span style=\"color: #8c8c8c;\">SYMPHONIC-CHORAL<\/span><\/a> \/ <span style=\"color: #ffffff;\">SYMPHONIC<\/span> \/ <a href=\"https:\/\/christophetalmont.com\/en\/videos-lirico\/\"><span style=\"color: #8c8c8c;\">LYRICAL<\/span><\/a><\/h3>\n<p>[\/vc_column_text][vc_empty_space height=&#8221;50&#8243;][vc_row_inner row_type=&#8221;row&#8221; type=&#8221;full_width&#8221; text_align=&#8221;left&#8221; css_animation=&#8221;&#8221; css=&#8221;.vc_custom_1677933831885{padding-right: 5% !important;padding-left: 5% !important;}&#8221;][vc_column_inner width=&#8221;1\/2&#8243; css=&#8221;.vc_custom_1677933691420{padding-right: 5% !important;padding-left: 5% !important;}&#8221;][vc_video link=&#8221;https:\/\/www.youtube.com\/watch?v=xVGrRCUub4U&#8221;][vc_column_text]<\/p>\n<h4 class=\"style-scope ytd-watch-metadata\">Wolfgang Amadeus Mozart: Sinfon\u00eda en La mayor KV.201.<br \/>\nDirecci\u00f3n Christophe Talmont.<br \/>\nOrquesta Barroca Sim\u00f3n Bol\u00edvar.<\/h4>\n<p>[\/vc_column_text][\/vc_column_inner][vc_column_inner width=&#8221;1\/2&#8243; css=&#8221;.vc_custom_1677933711140{padding-right: 5% !important;padding-left: 5% !important;}&#8221;][vc_video link=&#8221;https:\/\/www.youtube.com\/watch?v=Xf_y6X4Wmlk&#8221;][vc_column_text]<\/p>\n<h4>Ambroise Thomas: Obertura Raymonda.<br \/>\nDirecci\u00f3n Christophe Talmont.<br \/>\nOrquesta Sinf\u00f3nica UNHASSOU\/ Corea del norte.<\/h4>\n<p>[\/vc_column_text][\/vc_column_inner][\/vc_row_inner][vc_empty_space height=&#8221;50&#8243;][vc_row_inner row_type=&#8221;row&#8221; type=&#8221;full_width&#8221; text_align=&#8221;left&#8221; css_animation=&#8221;&#8221; css=&#8221;.vc_custom_1677933831885{padding-right: 5% !important;padding-left: 5% !important;}&#8221;][vc_column_inner width=&#8221;1\/2&#8243; css=&#8221;.vc_custom_1677933691420{padding-right: 5% !important;padding-left: 5% !important;}&#8221;][vc_video link=&#8221;https:\/\/www.youtube.com\/watch?v=U_4Pnv7O0xA&amp;t=93s&#8221;][vc_column_text]<\/p>\n<h4 class=\"style-scope ytd-watch-metadata\">Joseph Haydn: Sinfon\u00eda en fa menor N\u00b049, \u201cla Passione\u201d<br \/>\nDirecci\u00f3n Christophe Talmont.<br \/>\nOrquesta Barroca Sim\u00f3n Bol\u00edvar.<\/h4>\n<p>[\/vc_column_text][\/vc_column_inner][vc_column_inner width=&#8221;1\/2&#8243; css=&#8221;.vc_custom_1677933711140{padding-right: 5% !important;padding-left: 5% !important;}&#8221;][vc_video link=&#8221;https:\/\/www.youtube.com\/watch?v=evGmYHOmST0&amp;t=217s&#8221;][vc_column_text]<\/p>\n<h4>Francis Poulenc: Sinfonietta<br \/>\nDirecci\u00f3n Christophe Talmont.<br \/>\nOrquesta Sinf\u00f3nica Juan Jos\u00e9 Landaeta.<\/h4>\n<p>[\/vc_column_text][\/vc_column_inner][\/vc_row_inner][vc_empty_space height=&#8221;50&#8243;][vc_row_inner row_type=&#8221;row&#8221; type=&#8221;full_width&#8221; text_align=&#8221;left&#8221; css_animation=&#8221;&#8221; css=&#8221;.vc_custom_1677933831885{padding-right: 5% !important;padding-left: 5% !important;}&#8221;][vc_column_inner width=&#8221;1\/2&#8243; css=&#8221;.vc_custom_1677933691420{padding-right: 5% !important;padding-left: 5% !important;}&#8221;][vc_video link=&#8221;https:\/\/www.youtube.com\/watch?v=krlcpU6fh70&#8243;][vc_column_text]<\/p>\n<h4>Camille Saint-S\u00e4ens: 3\u00b0 Sinfon\u00eda en do menor con organo Op.78<br \/>\nDirecci\u00f3n Christophe Talmont.<br \/>\nOrquesta Sinf\u00f3nica Sim\u00f3n Bol\u00edvar.<\/h4>\n<p>[\/vc_column_text][\/vc_column_inner][vc_column_inner width=&#8221;1\/2&#8243; css=&#8221;.vc_custom_1677933711140{padding-right: 5% !important;padding-left: 5% !important;}&#8221;][vc_video link=&#8221;https:\/\/www.youtube.com\/watch?v=iwiktN2PbUg&#8221;][vc_column_text]<\/p>\n<h4>Moussorgsky: Cuadros de una exposici\u00f3n.<br \/>\nDirecci\u00f3n Christophe Talmont.<br \/>\nOrquesta Sinf\u00f3nica Sim\u00f3n Bol\u00edvar de Venezuela.<\/h4>\n<p>[\/vc_column_text][\/vc_column_inner][\/vc_row_inner][vc_empty_space height=&#8221;50&#8243;][vc_row_inner row_type=&#8221;row&#8221; type=&#8221;full_width&#8221; text_align=&#8221;left&#8221; css_animation=&#8221;&#8221; css=&#8221;.vc_custom_1677933831885{padding-right: 5% !important;padding-left: 5% !important;}&#8221;][vc_column_inner width=&#8221;1\/2&#8243; css=&#8221;.vc_custom_1677933691420{padding-right: 5% !important;padding-left: 5% !important;}&#8221;][vc_video link=&#8221;https:\/\/www.youtube.com\/watch?v=_krO3nNLcJk&#8221;][vc_column_text]<\/p>\n<h4>Claude Debussy: Suite Printemps<br \/>\nDirecci\u00f3n Christophe Talmont.<br \/>\nOrquesta Sinf\u00f3nica Juan Jos\u00e9 Landaeta.<\/h4>\n<p>[\/vc_column_text][\/vc_column_inner][vc_column_inner width=&#8221;1\/2&#8243; css=&#8221;.vc_custom_1677933711140{padding-right: 5% !important;padding-left: 5% !important;}&#8221;][vc_video link=&#8221;https:\/\/youtu.be\/lHW4P-crbSM&#8221;][vc_column_text]<\/p>\n<h4>Bizet: Carmen Suite N\u00b01\/ N\u00b05 &#8220;Les Tor\u00e9adors&#8221;<br \/>\nDirecci\u00f3n Christophe Talmont.<br \/>\nOrquesta Sinf\u00f3nica UNHASSOU, Corea del Norte.<\/h4>\n<p>[\/vc_column_text][\/vc_column_inner][\/vc_row_inner][vc_empty_space height=&#8221;50&#8243;][vc_empty_space height=&#8221;50&#8243;][vc_separator type=&#8221;normal&#8221; color=&#8221;#b5b5b5&#8243; thickness=&#8221;1&#8243;][vc_empty_space height=&#8221;50&#8243;][\/vc_column][\/vc_row]<\/p>\n<\/section>","protected":false},"excerpt":{"rendered":"<p>[vc_row css_animation=&#8221;&#8221; row_type=&#8221;row&#8221; use_row_as_full_screen_section=&#8221;no&#8221; type=&#8221;full_width&#8221; angled_section=&#8221;no&#8221; text_align=&#8221;left&#8221; background_image_as_pattern=&#8221;without_pattern&#8221; z_index=&#8221;&#8221;][vc_column][rev_slider_vc alias=&#8221;home-12&#8243;][\/vc_column][\/vc_row][vc_row css_animation=&#8221;&#8221; row_type=&#8221;row&#8221; use_row_as_full_screen_section=&#8221;no&#8221; type=&#8221;grid&#8221; angled_section=&#8221;no&#8221; text_align=&#8221;left&#8221; background_image_as_pattern=&#8221;without_pattern&#8221; z_index=&#8221;&#8221;][vc_column][vc_empty_space height=&#8221;50&#8243;][vc_empty_space height=&#8221;30&#8243;][vc_column_text] SYMPHONIC-CHORAL \/ SYMPHONIC \/ LYRICAL [\/vc_column_text][vc_empty_space height=&#8221;50&#8243;][vc_row_inner row_type=&#8221;row&#8221; type=&#8221;full_width&#8221; text_align=&#8221;left&#8221; css_animation=&#8221;&#8221; css=&#8221;.vc_custom_1677933831885{padding-right: 5% !important;padding-left: 5% !important;}&#8221;][vc_column_inner width=&#8221;1\/2&#8243; css=&#8221;.vc_custom_1677933691420{padding-right: 5% !important;padding-left: 5% !important;}&#8221;][vc_video link=&#8221;https:\/\/www.youtube.com\/watch?v=xVGrRCUub4U&#8221;][vc_column_text] Wolfgang Amadeus&#8230;<\/p>\n","protected":false},"author":1,"featured_media":0,"parent":0,"menu_order":0,"comment_status":"closed","ping_status":"closed","template":"full_width.php","meta":{"footnotes":""},"class_list":["post-948","page","type-page","status-publish","hentry"],"_links":{"self":[{"href":"https:\/\/christophetalmont.com\/en\/wp-json\/wp\/v2\/pages\/948"}],"collection":[{"href":"https:\/\/christophetalmont.com\/en\/wp-json\/wp\/v2\/pages"}],"about":[{"href":"https:\/\/christophetalmont.com\/en\/wp-json\/wp\/v2\/types\/page"}],"author":[{"embeddable":true,"href":"https:\/\/christophetalmont.com\/en\/wp-json\/wp\/v2\/users\/1"}],"replies":[{"embeddable":true,"href":"https:\/\/christophetalmont.com\/en\/wp-json\/wp\/v2\/comments?post=948"}],"version-history":[{"count":6,"href":"https:\/\/christophetalmont.com\/en\/wp-json\/wp\/v2\/pages\/948\/revisions"}],"predecessor-version":[{"id":1331,"href":"https:\/\/christophetalmont.com\/en\/wp-json\/wp\/v2\/pages\/948\/revisions\/1331"}],"wp:attachment":[{"href":"https:\/\/christophetalmont.com\/en\/wp-json\/wp\/v2\/media?parent=948"}],"curies":[{"name":"wp","href":"https:\/\/api.w.org\/{rel}","templated":true}]}}