{"id":1594,"date":"2024-08-24T21:03:29","date_gmt":"2024-08-24T21:03:29","guid":{"rendered":"https:\/\/christophetalmont.com\/pedagogia\/"},"modified":"2024-09-01T12:39:57","modified_gmt":"2024-09-01T12:39:57","slug":"pedagogia","status":"publish","type":"page","link":"http:\/\/christophetalmont.com\/fr\/pedagogia\/","title":{"rendered":"Pedagog\u00eda"},"content":{"rendered":"<section class=\"wpb-content-wrapper\"><p>[vc_row css_animation=&#8221;&#8221; row_type=&#8221;row&#8221; use_row_as_full_screen_section=&#8221;no&#8221; type=&#8221;full_width&#8221; angled_section=&#8221;no&#8221; text_align=&#8221;left&#8221; background_image_as_pattern=&#8221;without_pattern&#8221; bg_type=&#8221;image&#8221; parallax_style=&#8221;vcpb-default&#8221; bg_image_new=&#8221;id^1455|url^http:\/\/christophetalmont.com\/wp01\/wp-content\/uploads\/2024\/08\/foto-fondo-pedagogia-01.jpg|caption^null|alt^null|title^foto fondo pedagogia 01|description^null&#8221; bg_image_repeat=&#8221;no-repeat&#8221; bg_img_attach=&#8221;fixed&#8221; bg_image_posiiton=&#8221;0 0&#8243; z_index=&#8221;&#8221;][vc_column width=&#8221;2\/3&#8243; css=&#8221;.vc_custom_1724684275278{padding-right: 10% !important;padding-left: 10% !important;}&#8221;][vc_empty_space height=&#8221;140&#8243;][vc_row_inner row_type=&#8221;row&#8221; type=&#8221;full_width&#8221; text_align=&#8221;left&#8221; css_animation=&#8221;&#8221; css=&#8221;.vc_custom_1724598750954{padding-right: 10px !important;padding-left: 10px !important;background-color: rgba(86,43,5,0.75) !important;*background-color: rgb(86,43,5) !important;}&#8221;][vc_column_inner css=&#8221;.vc_custom_1724798071184{padding-right: 3% !important;padding-left: 3% !important;}&#8221;][vc_empty_space height=&#8221;40&#8243;][vc_column_text]<\/p>\n<h1 style=\"text-align: right;\"><span style=\"color: #b05890;\">P\u00c9DAGOGIE<\/span><\/h1>\n<p>[\/vc_column_text][vc_empty_space height=&#8221;30&#8243;]<div id=\"ultimate-heading-604469f35f7d913ce\" class=\"uvc-heading ult-adjust-bottom-margin ultimate-heading-604469f35f7d913ce uvc-5214 \" data-hspacer=\"no_spacer\"  data-halign=\"center\" style=\"text-align:center\"><div class=\"uvc-heading-spacer no_spacer\" style=\"top\"><\/div><div class=\"uvc-sub-heading ult-responsive\"  data-ultimate-target='.uvc-heading.ultimate-heading-604469f35f7d913ce .uvc-sub-heading '  data-responsive-json-new='{\"font-size\":\"desktop:20px;\",\"line-height\":\"\"}'  style=\"font-family:&#039;Montserrat&#039;;font-weight:300;\"><\/p>\n<h3 style=\"text-align: right;\"><b><span style=\"color: #b05890;\">PR\u00c9SENTATION<\/span> \/ <a href=\"https:\/\/christophetalmont.com\/fr\/magistrales2016\/\">MASTERCLASSES<\/a> \/ <a href=\"https:\/\/christophetalmont.com\/fr\/referencias01\/\"><span style=\"hover: #00ffff;\">RECOMMANDATIONS<\/span><\/a><\/b><\/h3>\n<p><\/div><\/div>[vc_empty_space height=&#8221;40&#8243;][vc_column_text]<\/p>\n<p style=\"text-align: justify;\"><span style=\"color: #bababa;\">Chers visiteurs,<\/span><\/p>\n<p>&nbsp;<\/p>\n<p style=\"text-align: justify;\"><span style=\"color: #bababa;\">Depuis mes premiers pas dans le monde professionnel, comme Chef de Ch\u0153ur au <a href=\"https:\/\/fr.wikipedia.org\/wiki\/Centre_national_d%27insertion_professionnelle_des_artistes_lyriques\" target=\"_blank\" rel=\"noopener\"><span style=\"color: #3366ff;\">CNIPAL<\/span><\/a> \u00e0 Marseille, la p\u00e9dagogie m\u2019a toujours accompagn\u00e9. Ce poste a \u00e9t\u00e9 tout un symbole en soi : une activit\u00e9 de Chef de ch\u0153ur associ\u00e9e \u00e0 celle d\u2019enseignant. Pour le jeune chef que j\u2019\u00e9tais, ce fut une exp\u00e9rience id\u00e9ale pour comprendre que la direction de ch\u0153ur et d\u2019orchestre est avant tout une affaire de psychologie humaine et de p\u00e9dagogie. On ne dira jamais \u00e0 quel point cette activit\u00e9 de Chef d\u2019orchestre et de Ch\u0153ur repose sur un paradoxe \u00e9tonnant : le fait de ne pas produire soi-m\u00eame de son ! Et pourtant, tout ce qui \u00e9mane de notre corps, de notre t\u00eate, de notre regard, de nos gestes influe consid\u00e9rablement sur la production du son \u00e9mise par ceux que nous dirigeons.<\/span><\/p>\n<p>&nbsp;<\/p>\n<p style=\"text-align: justify;\"><span style=\"color: #bababa;\">Depuis cette premi\u00e8re exp\u00e9rience professionnelle, je n\u2019ai eu de cesse de r\u00e9fl\u00e9chir sur la psychologie des groupes, la communication, la p\u00e9dagogie et le langage gestuel. Qu\u2019il soit destin\u00e9 \u00e0 un orchestre ou \u00e0 un ch\u0153ur, le geste reste toujours le prolongement d\u2019une conviction profonde et d\u2019une \u00e9coute int\u00e9rieure guid\u00e9e par notre c\u0153ur et notre oreille interne.<\/span><\/p>\n<p>&nbsp;<\/p>\n<p style=\"text-align: justify;\"><span style=\"color: #bababa;\">A cette r\u00e9flexion intellectuelle et pragmatique s\u2019est ajout\u00e9e ma pratique du <span style=\"color: #3366ff;\"><a style=\"color: #3366ff;\" href=\"https:\/\/www.afyi.fr\/page\/1659037-la-methode-iyengar\" target=\"_blank\" rel=\"noopener\">Yoga Iyengar<\/a><\/span>, dont l\u2019un des plus grands violonistes du XX\u00b0 si\u00e8cle, Yehudi Menuhin, a favoris\u00e9 la connaissance et le rayonnement en Occident, apr\u00e8s sa rencontre d\u00e9terminante \u00e0 Bombay avec le Ma\u00eetre B.K.S Iyengar.<\/span><\/p>\n<p>&nbsp;<\/p>\n<p style=\"text-align: justify;\"><span style=\"color: #bababa;\">Le Yoga m\u2019accompagne quotidiennement depuis plus de 20 ans, o\u00f9 que je sois et quelle que soit l\u2019altitude ! Car il a chang\u00e9 ma vie en tant qu\u2019\u00eatre humain, en tant que musicien, en tant que p\u00e9dagogue. Il a contribu\u00e9 \u00e0 construire un harmonieux \u00e9quilibre entre mon corps et mon esprit, entre le souffle divin, universel et mon activit\u00e9 musicale. Prendre conscience de son corps et de ce que la nature divine nous a l\u00e9gu\u00e9 est la premi\u00e8re \u00e9tape avant d\u2019\u00e9tudier le langage gestuel codifi\u00e9 de la direction d\u2019orchestre et de ch\u0153ur. Mais le Yoga est \u00e9galement d\u2019une aide pr\u00e9cieuse pour travailler notre spiritualit\u00e9, notre \u00catre. Car au-del\u00e0 du geste, la premi\u00e8re chose que l\u2019on communique aux autres, c\u2019est ce que nous sommes r\u00e9ellement !<\/span><\/p>\n<p>&nbsp;<\/p>\n<p style=\"text-align: justify;\"><span style=\"color: #bababa;\">D\u00e8s mon arriv\u00e9e au Venezuela en 2012, pour y r\u00e9sider, j\u2019ai enseign\u00e9 la direction de ch\u0153ur et d\u2019orchestre en tant que Professeur invit\u00e9 \u00e0 l\u2019Universit\u00e9 des Andes, \u00e0 M\u00e9rida, puis en cours priv\u00e9s, en master-classes, et dans le cadre de collaborations avec <span style=\"color: #3366ff;\"><a style=\"color: #3366ff;\" href=\"https:\/\/elsistema.org.ve\/\" target=\"_blank\" rel=\"noopener\">El Sistema<\/a><\/span>. Parall\u00e8lement \u00e0 mes activit\u00e9s de Chef d\u2019orchestre et de ch\u0153ur, enseigner la direction est devenu au fil du temps une passion ; la passion de partager mon exp\u00e9rience, la diversit\u00e9 des r\u00e9pertoires que j\u2019ai abord\u00e9s, mais surtout, la passion d\u2019aider de jeunes chefs \u00e0 construire leur technique et \u00e0 r\u00e9pondre aux doutes et interrogations qui surgissent face \u00e0 la complexit\u00e9 et \u00e0 l\u2019exigence de ce m\u00e9tier-passion. A l\u2019image des Asana, les postures de Yoga qui se construisent lentement gr\u00e2ce \u00e0 la puissance du souffle et \u00e0 la confiance en soi, j\u2019aime transmettre aux jeunes chefs un enseignement holistique qui permette, peu \u00e0 peu, de construire leur personnalit\u00e9 avec authenticit\u00e9, au travers du geste et de la communication, et une vision musicale des \u0153uvres fond\u00e9e sur une \u00e9tude approfondie et respectueuse de la partition.<\/span><\/p>\n<p>&nbsp;<\/p>\n<p style=\"text-align: justify;\"><span style=\"color: #bababa;\">Fort de cette exp\u00e9rience p\u00e9dagogique et de cette soif d\u2019ouverture vers les autres, je suis plus que jamais attir\u00e9 par l\u2019enseignement.<\/span><\/p>\n<p>&nbsp;<\/p>\n<p style=\"text-align: justify;\"><span style=\"color: #bababa;\">Que vous soyez \u00e9tudiant, responsable d\u2019un d\u00e9partement d\u2019universit\u00e9 ou directeur d\u2019un \u00e9tablissement d\u2019enseignement musical, en recherche de master-classes de direction d\u2019orchestre et de ch\u0153ur ou de projets novateurs pour vos orchestres et ch\u0153urs de jeunes, n\u2019h\u00e9sitez pas \u00e0 me contacter. En 35 ans d\u2019une activit\u00e9 intense et polyvalente, ma curiosit\u00e9 insatiable m\u2019a permis d\u2019acqu\u00e9rir un vaste r\u00e9pertoire, des grandes polyphonies chorales de la Renaissance au c\u0153ur du r\u00e9pertoire symphonique, tout en passant par la richesse in\u00e9puisable des ouvrages lyriques. Cette diversit\u00e9 musicale m\u2019a offert une compr\u00e9hension plus large de la musique, de son histoire et de l\u2019\u00e9volution de son langage. A pr\u00e9sent, j\u2019ai \u00e0 c\u0153ur de la transmettre.<\/span><\/p>\n<p>&nbsp;<\/p>\n<p style=\"text-align: justify;\"><span style=\"color: #bababa;\">Au plaisir de vous rencontrer pour partager une belle aventure humaine et musicale,<\/span><\/p>\n<p>&nbsp;<\/p>\n<p style=\"text-align: justify;\"><span style=\"color: #bababa;\">Christophe Talmont<\/span><\/p>\n<p>[\/vc_column_text][vc_empty_space height=&#8221;50&#8243;][\/vc_column_inner][\/vc_row_inner][vc_empty_space height=&#8221;50&#8243;][\/vc_column][vc_column width=&#8221;1\/3&#8243;][\/vc_column][\/vc_row]<\/p>\n<\/section>","protected":false},"excerpt":{"rendered":"<p>[vc_row css_animation=&#8221;&#8221; row_type=&#8221;row&#8221; use_row_as_full_screen_section=&#8221;no&#8221; type=&#8221;full_width&#8221; angled_section=&#8221;no&#8221; text_align=&#8221;left&#8221; background_image_as_pattern=&#8221;without_pattern&#8221; bg_type=&#8221;image&#8221; parallax_style=&#8221;vcpb-default&#8221; bg_image_new=&#8221;id^1455|url^http:\/\/christophetalmont.com\/wp01\/wp-content\/uploads\/2024\/08\/foto-fondo-pedagogia-01.jpg|caption^null|alt^null|title^foto fondo pedagogia 01|description^null&#8221; bg_image_repeat=&#8221;no-repeat&#8221; bg_img_attach=&#8221;fixed&#8221; bg_image_posiiton=&#8221;0 0&#8243; z_index=&#8221;&#8221;][vc_column width=&#8221;2\/3&#8243; css=&#8221;.vc_custom_1724684275278{padding-right: 10% !important;padding-left: 10% !important;}&#8221;][vc_empty_space height=&#8221;140&#8243;][vc_row_inner row_type=&#8221;row&#8221; type=&#8221;full_width&#8221; text_align=&#8221;left&#8221; css_animation=&#8221;&#8221; css=&#8221;.vc_custom_1724598750954{padding-right: 10px !important;padding-left: 10px !important;background-color: rgba(86,43,5,0.75) !important;*background-color: rgb(86,43,5) !important;}&#8221;][vc_column_inner css=&#8221;.vc_custom_1724798071184{padding-right: 3% !important;padding-left: 3% !important;}&#8221;][vc_empty_space height=&#8221;40&#8243;][vc_column_text]&#8230;<\/p>\n","protected":false},"author":1,"featured_media":0,"parent":0,"menu_order":0,"comment_status":"closed","ping_status":"closed","template":"full_width.php","meta":{"footnotes":""},"class_list":["post-1594","page","type-page","status-publish","hentry"],"_links":{"self":[{"href":"http:\/\/christophetalmont.com\/fr\/wp-json\/wp\/v2\/pages\/1594"}],"collection":[{"href":"http:\/\/christophetalmont.com\/fr\/wp-json\/wp\/v2\/pages"}],"about":[{"href":"http:\/\/christophetalmont.com\/fr\/wp-json\/wp\/v2\/types\/page"}],"author":[{"embeddable":true,"href":"http:\/\/christophetalmont.com\/fr\/wp-json\/wp\/v2\/users\/1"}],"replies":[{"embeddable":true,"href":"http:\/\/christophetalmont.com\/fr\/wp-json\/wp\/v2\/comments?post=1594"}],"version-history":[{"count":6,"href":"http:\/\/christophetalmont.com\/fr\/wp-json\/wp\/v2\/pages\/1594\/revisions"}],"predecessor-version":[{"id":1627,"href":"http:\/\/christophetalmont.com\/fr\/wp-json\/wp\/v2\/pages\/1594\/revisions\/1627"}],"wp:attachment":[{"href":"http:\/\/christophetalmont.com\/fr\/wp-json\/wp\/v2\/media?parent=1594"}],"curies":[{"name":"wp","href":"https:\/\/api.w.org\/{rel}","templated":true}]}}